{"id":2262,"date":"2024-01-18T12:07:32","date_gmt":"2024-01-18T15:07:32","guid":{"rendered":"https:\/\/selariarosario.com.br\/atacado\/?post_type=product&#038;p=2262"},"modified":"2024-01-18T12:08:27","modified_gmt":"2024-01-18T15:08:27","slug":"sela-quarto-de-milha-prova-de-laco-sr","status":"publish","type":"product","link":"https:\/\/selariarosario.com.br\/atacado\/produto\/sela-quarto-de-milha-prova-de-laco-sr\/","title":{"rendered":"\u00a0Sela Quarto de Milha Prova De La\u00e7o SR"},"content":{"rendered":"<p><strong>Sela Quarto de Milha Prova de La\u00e7o\u00a0 SR<\/strong> : seguran\u00e7a e resist\u00eancia<\/p>\n<p>\u00c9 um modelo\u00a0 desenvolvido\u00a0 para pessoas\u00a0 que praticam a modalidade de doma\u00a0 e provas de la\u00e7o profissional , bem como tamb\u00e9m para passeios e servi\u00e7o di\u00e1rio, al\u00e9m de n\u00e3o abrir m\u00e3o do conforto, qualidade e seguran\u00e7a.<\/p>\n<p>Por isso , a estrutura da Sela Quarto de Milha Prova de La\u00e7o \u00e9 em <strong>(arma\u00e7\u00e3o) de madeira<\/strong>\u00a0\u00a0<strong>enervada em couro cru e logo revestida de couro de b\u00fafalo, parafusada e selada na mesma<\/strong>, o que a torna mais robusta e segura para as pr\u00e1ticas de la\u00e7o em animais brutos de qualquer arroba.<\/p>\n<p><strong>Composi\u00e7\u00e3o do produto<\/strong>:<br \/>\n&#8211; Arma\u00e7\u00e3o em madeira\u00a0 enervada, logo revestida em couro cru. Por isso sua total resist\u00eancia;<br \/>\n&#8211;\u00a0<strong>Couro de b\u00fafalo rebaixado manualmente <\/strong>e a pintura artesanal com\u00a0 tinta industrial marrom, logo, encerado. Por isso (N\u00c3O SOLTA TINTA);<br \/>\n&#8211; Ferragens em inox que n\u00e3o quebra, n\u00e3o enferruja e nem perde a tonalidade<br \/>\n&#8211; Assento em nobuck com detalhes artesanais feito na m\u00e1quina<br \/>\n&#8211; Costuras artesanais e industriais;<br \/>\n&#8211; Suadores em feltro de l\u00e3 para que evite\u00a0pisaduras e poss\u00edveis movimentos da sela durante as atividades<\/p>\n<p><strong>Acompanhamento da sela<\/strong>\u00a0:<br \/>\n&#8211; 1 Par de Loro em couro\u00a0 e com fivelas em a\u00e7o inox ;<br \/>\n&#8211; Um pr de l\u00e1tegos e tamb\u00e9m de um de Contral\u00e1tegos\u00a0 em couro, com ferragens em inox forrado com fita cadar\u00e7o;<br \/>\n&#8211; Uma barrigueira e uma cilha em feltro e fita cadar\u00e7o<br \/>\n&#8211; Cabe\u00e7ada em couro\u00a0 \u00a0com regulagem, e uma r\u00e9dea;<br \/>\n&#8211; Peitoral em couro com apliques de cavalinho e as ferragens em inox<\/p>\n<p style=\"text-align: left;\">Op\u00e7\u00f5es de cores :preta, branca, havana, marrom, vinho, natural e rosa<\/p>\n<p>Op\u00e7\u00e3o de tamanho conforme abaixo:<\/p>\n<p>&#8211; 13&#8243; at\u00e9 65kg;<br \/>\n&#8211; 14&#8243; at\u00e9 80kg;<br \/>\n&#8211; 15&#8243; at\u00e9 95kg;<br \/>\n&#8211; 16&#8243; at\u00e9 110kg;<br \/>\n&#8211; 17&#8243; at\u00e9 140kg<\/p>\n<p>&nbsp;<\/p>\n<p style=\"text-align: left;\">Dispon\u00edvel no tamanho 17&#8243;( para pessoas at\u00e9 140 kgs )<\/p>\n<p><strong>\u00a0<\/strong>\u00a0Fabricante<strong>: Selaria Ros\u00e1rio<\/strong><\/p>\n<p style=\"text-align: left;\">\u00a0Garantia: 1 ano contra defeito de fabrica\u00e7\u00e3o<br \/>\nPeso aproximado: 15 kgs<\/p>\n<p style=\"text-align: left;\">\n","protected":false},"excerpt":{"rendered":"<p><strong>Sela Quarto de Milha Prova de La\u00e7o\u00a0 SR<\/strong> : seguran\u00e7a e resist\u00eancia<\/p>\n<p>\u00c9 um modelo\u00a0 desenvolvido\u00a0 para pessoas\u00a0 que praticam a modalidade de doma\u00a0 e provas de la\u00e7o profissional , bem como tamb\u00e9m para passeios e servi\u00e7o di\u00e1rio, al\u00e9m de n\u00e3o abrir m\u00e3o do conforto, qualidade e seguran\u00e7a.<\/p>\n<p>Por isso , a estrutura da Sela Quarto de Milha Prova de La\u00e7o \u00e9 em <strong>(arma\u00e7\u00e3o) de madeira<\/strong>\u00a0\u00a0<strong>enervada em couro cru e logo revestida de couro de b\u00fafalo, parafusada e selada na mesma<\/strong>, o que a torna mais robusta e segura para as pr\u00e1ticas de la\u00e7o em animais brutos de qualquer arroba.<\/p>\n<p><strong>Composi\u00e7\u00e3o do produto<\/strong>:<br \/>\n&#8211; Arma\u00e7\u00e3o em madeira\u00a0 enervada, logo revestida em couro cru. Por isso sua total resist\u00eancia;<br \/>\n&#8211;\u00a0<strong>Couro de b\u00fafalo rebaixado manualmente <\/strong>e a pintura artesanal com\u00a0 tinta industrial marrom, logo, encerado. Por isso (N\u00c3O SOLTA TINTA);<br \/>\n&#8211; Ferragens em inox que n\u00e3o quebra, n\u00e3o enferruja e nem perde a tonalidade<br \/>\n&#8211; Assento em nobuck com detalhes artesanais feito na m\u00e1quina<br \/>\n&#8211; Costuras artesanais e industriais;<br \/>\n&#8211; Suadores em feltro de l\u00e3 para que evite\u00a0pisaduras e poss\u00edveis movimentos da sela durante as atividades<\/p>\n<p><strong>Acompanhamento da sela<\/strong>\u00a0:<br \/>\n&#8211; 1 Par de Loro em couro\u00a0 e com fivelas em a\u00e7o inox ;<br \/>\n&#8211; Um pr de l\u00e1tegos e tamb\u00e9m de um de Contral\u00e1tegos\u00a0 em couro, com ferragens em inox forrado com fita cadar\u00e7o;<br \/>\n&#8211; Uma barrigueira e uma cilha em feltro e fita cadar\u00e7o<br \/>\n&#8211; Cabe\u00e7ada em couro\u00a0 \u00a0com regulagem, e uma r\u00e9dea;<br \/>\n&#8211; Peitoral em couro com apliques de cavalinho e as ferragens em inox<\/p>\n<p style=\"text-align: left;\">Op\u00e7\u00f5es de cores :preta, branca, havana, marrom, vinho, natural e rosa<\/p>\n<p>Op\u00e7\u00e3o de tamanho conforme abaixo:<\/p>\n<p>&#8211; 13&#8243; at\u00e9 65kg;<br \/>\n&#8211; 14&#8243; at\u00e9 80kg;<br \/>\n&#8211; 15&#8243; at\u00e9 95kg;<br \/>\n&#8211; 16&#8243; at\u00e9 110kg;<br \/>\n&#8211; 17&#8243; at\u00e9 140kg<\/p>\n<p>&nbsp;<\/p>\n<p style=\"text-align: left;\">Dispon\u00edvel no tamanho 17&#8243;( para pessoas at\u00e9 140 kgs )<\/p>\n<p><strong>\u00a0<\/strong>\u00a0Fabricante<strong>: Selaria Ros\u00e1rio<\/strong><\/p>\n<p style=\"text-align: left;\">\u00a0Garantia: 1 ano contra defeito de fabrica\u00e7\u00e3o<br \/>\nPeso aproximado: 15 kgs<\/p>\n<p style=\"text-align: left;\">\n","protected":false},"featured_media":2332,"template":"","meta":[],"product_cat":[26,17,33],"product_tag":[],"yoast_head":"<!-- This site is optimized with the Yoast SEO plugin v16.7 - https:\/\/yoast.com\/wordpress\/plugins\/seo\/ -->\n<title>Sela Quarto de Milha Prova de La\u00e7o SR<\/title>\n<meta name=\"description\" content=\"Sela Quarto de Milha Prova de La\u00e7o \u00e9 uma montaria ideal para diversas modalidades desde o servi\u00e7o di\u00e1rio aos passeios ,provas de la\u00e7o e doma.\" \/>\n<meta name=\"robots\" content=\"index, follow, max-snippet:-1, max-image-preview:large, max-video-preview:-1\" \/>\n<link rel=\"canonical\" href=\"https:\/\/selariarosario.com.br\/atacado\/produto\/sela-quarto-de-milha-prova-de-laco-sr\/\" \/>\n<meta property=\"og:locale\" content=\"pt_BR\" \/>\n<meta property=\"og:type\" content=\"article\" \/>\n<meta property=\"og:title\" content=\"Sela Quarto de Milha Prova de La\u00e7o SR\" \/>\n<meta property=\"og:description\" content=\"Sela Quarto de Milha Prova de La\u00e7o \u00e9 uma montaria ideal para diversas modalidades desde o servi\u00e7o di\u00e1rio aos passeios ,provas de la\u00e7o e doma.\" \/>\n<meta property=\"og:url\" content=\"https:\/\/selariarosario.com.br\/atacado\/produto\/sela-quarto-de-milha-prova-de-laco-sr\/\" \/>\n<meta property=\"og:site_name\" content=\"Selaria Rosario\" \/>\n<meta property=\"article:modified_time\" content=\"2024-01-18T15:08:27+00:00\" \/>\n<meta name=\"twitter:card\" content=\"summary_large_image\" \/>\n<meta name=\"twitter:label1\" content=\"Est. tempo de leitura\" \/>\n\t<meta name=\"twitter:data1\" content=\"2 minutos\" \/>\n<script type=\"application\/ld+json\" class=\"yoast-schema-graph\">{\"@context\":\"https:\/\/schema.org\",\"@graph\":[{\"@type\":\"WebSite\",\"@id\":\"https:\/\/selariarosario.com.br\/atacado\/#website\",\"url\":\"https:\/\/selariarosario.com.br\/atacado\/\",\"name\":\"Selaria Rosario\",\"description\":\"\",\"potentialAction\":[{\"@type\":\"SearchAction\",\"target\":{\"@type\":\"EntryPoint\",\"urlTemplate\":\"https:\/\/selariarosario.com.br\/atacado\/?s={search_term_string}\"},\"query-input\":\"required name=search_term_string\"}],\"inLanguage\":\"pt-BR\"},{\"@type\":\"ImageObject\",\"@id\":\"https:\/\/selariarosario.com.br\/atacado\/produto\/sela-quarto-de-milha-prova-de-laco-sr\/#primaryimage\",\"inLanguage\":\"pt-BR\",\"url\":\"https:\/\/selariarosario.com.br\/atacado\/wp-content\/uploads\/2024\/01\/Q-MILHA.jpg\",\"contentUrl\":\"https:\/\/selariarosario.com.br\/atacado\/wp-content\/uploads\/2024\/01\/Q-MILHA.jpg\",\"width\":1000,\"height\":1000},{\"@type\":\"WebPage\",\"@id\":\"https:\/\/selariarosario.com.br\/atacado\/produto\/sela-quarto-de-milha-prova-de-laco-sr\/#webpage\",\"url\":\"https:\/\/selariarosario.com.br\/atacado\/produto\/sela-quarto-de-milha-prova-de-laco-sr\/\",\"name\":\"Sela Quarto de Milha Prova de La\\u00e7o SR\",\"isPartOf\":{\"@id\":\"https:\/\/selariarosario.com.br\/atacado\/#website\"},\"primaryImageOfPage\":{\"@id\":\"https:\/\/selariarosario.com.br\/atacado\/produto\/sela-quarto-de-milha-prova-de-laco-sr\/#primaryimage\"},\"datePublished\":\"2024-01-18T15:07:32+00:00\",\"dateModified\":\"2024-01-18T15:08:27+00:00\",\"description\":\"Sela Quarto de Milha Prova de La\\u00e7o \\u00e9 uma montaria ideal para diversas modalidades desde o servi\\u00e7o di\\u00e1rio aos passeios ,provas de la\\u00e7o e doma.\",\"breadcrumb\":{\"@id\":\"https:\/\/selariarosario.com.br\/atacado\/produto\/sela-quarto-de-milha-prova-de-laco-sr\/#breadcrumb\"},\"inLanguage\":\"pt-BR\",\"potentialAction\":[{\"@type\":\"ReadAction\",\"target\":[\"https:\/\/selariarosario.com.br\/atacado\/produto\/sela-quarto-de-milha-prova-de-laco-sr\/\"]}]},{\"@type\":\"BreadcrumbList\",\"@id\":\"https:\/\/selariarosario.com.br\/atacado\/produto\/sela-quarto-de-milha-prova-de-laco-sr\/#breadcrumb\",\"itemListElement\":[{\"@type\":\"ListItem\",\"position\":1,\"name\":\"In\\u00edcio\",\"item\":\"https:\/\/selariarosario.com.br\/atacado\/\"},{\"@type\":\"ListItem\",\"position\":2,\"name\":\"Produtos\",\"item\":\"https:\/\/selariarosario.com.br\/atacado\/produtos\/\"},{\"@type\":\"ListItem\",\"position\":3,\"name\":\"\\u00a0Sela Quarto de Milha Prova De La\\u00e7o SR\"}]}]}<\/script>\n<!-- \/ Yoast SEO plugin. -->","yoast_head_json":{"title":"Sela Quarto de Milha Prova de La\u00e7o SR","description":"Sela Quarto de Milha Prova de La\u00e7o \u00e9 uma montaria ideal para diversas modalidades desde o servi\u00e7o di\u00e1rio aos passeios ,provas de la\u00e7o e doma.","robots":{"index":"index","follow":"follow","max-snippet":"max-snippet:-1","max-image-preview":"max-image-preview:large","max-video-preview":"max-video-preview:-1"},"canonical":"https:\/\/selariarosario.com.br\/atacado\/produto\/sela-quarto-de-milha-prova-de-laco-sr\/","og_locale":"pt_BR","og_type":"article","og_title":"Sela Quarto de Milha Prova de La\u00e7o SR","og_description":"Sela Quarto de Milha Prova de La\u00e7o \u00e9 uma montaria ideal para diversas modalidades desde o servi\u00e7o di\u00e1rio aos passeios ,provas de la\u00e7o e doma.","og_url":"https:\/\/selariarosario.com.br\/atacado\/produto\/sela-quarto-de-milha-prova-de-laco-sr\/","og_site_name":"Selaria Rosario","article_modified_time":"2024-01-18T15:08:27+00:00","twitter_card":"summary_large_image","twitter_misc":{"Est. tempo de leitura":"2 minutos"},"schema":{"@context":"https:\/\/schema.org","@graph":[{"@type":"WebSite","@id":"https:\/\/selariarosario.com.br\/atacado\/#website","url":"https:\/\/selariarosario.com.br\/atacado\/","name":"Selaria Rosario","description":"","potentialAction":[{"@type":"SearchAction","target":{"@type":"EntryPoint","urlTemplate":"https:\/\/selariarosario.com.br\/atacado\/?s={search_term_string}"},"query-input":"required name=search_term_string"}],"inLanguage":"pt-BR"},{"@type":"ImageObject","@id":"https:\/\/selariarosario.com.br\/atacado\/produto\/sela-quarto-de-milha-prova-de-laco-sr\/#primaryimage","inLanguage":"pt-BR","url":"https:\/\/selariarosario.com.br\/atacado\/wp-content\/uploads\/2024\/01\/Q-MILHA.jpg","contentUrl":"https:\/\/selariarosario.com.br\/atacado\/wp-content\/uploads\/2024\/01\/Q-MILHA.jpg","width":1000,"height":1000},{"@type":"WebPage","@id":"https:\/\/selariarosario.com.br\/atacado\/produto\/sela-quarto-de-milha-prova-de-laco-sr\/#webpage","url":"https:\/\/selariarosario.com.br\/atacado\/produto\/sela-quarto-de-milha-prova-de-laco-sr\/","name":"Sela Quarto de Milha Prova de La\u00e7o SR","isPartOf":{"@id":"https:\/\/selariarosario.com.br\/atacado\/#website"},"primaryImageOfPage":{"@id":"https:\/\/selariarosario.com.br\/atacado\/produto\/sela-quarto-de-milha-prova-de-laco-sr\/#primaryimage"},"datePublished":"2024-01-18T15:07:32+00:00","dateModified":"2024-01-18T15:08:27+00:00","description":"Sela Quarto de Milha Prova de La\u00e7o \u00e9 uma montaria ideal para diversas modalidades desde o servi\u00e7o di\u00e1rio aos passeios ,provas de la\u00e7o e doma.","breadcrumb":{"@id":"https:\/\/selariarosario.com.br\/atacado\/produto\/sela-quarto-de-milha-prova-de-laco-sr\/#breadcrumb"},"inLanguage":"pt-BR","potentialAction":[{"@type":"ReadAction","target":["https:\/\/selariarosario.com.br\/atacado\/produto\/sela-quarto-de-milha-prova-de-laco-sr\/"]}]},{"@type":"BreadcrumbList","@id":"https:\/\/selariarosario.com.br\/atacado\/produto\/sela-quarto-de-milha-prova-de-laco-sr\/#breadcrumb","itemListElement":[{"@type":"ListItem","position":1,"name":"In\u00edcio","item":"https:\/\/selariarosario.com.br\/atacado\/"},{"@type":"ListItem","position":2,"name":"Produtos","item":"https:\/\/selariarosario.com.br\/atacado\/produtos\/"},{"@type":"ListItem","position":3,"name":"\u00a0Sela Quarto de Milha Prova De La\u00e7o SR"}]}]}},"_links":{"self":[{"href":"https:\/\/selariarosario.com.br\/atacado\/wp-json\/wp\/v2\/product\/2262"}],"collection":[{"href":"https:\/\/selariarosario.com.br\/atacado\/wp-json\/wp\/v2\/product"}],"about":[{"href":"https:\/\/selariarosario.com.br\/atacado\/wp-json\/wp\/v2\/types\/product"}],"wp:featuredmedia":[{"embeddable":true,"href":"https:\/\/selariarosario.com.br\/atacado\/wp-json\/wp\/v2\/media\/2332"}],"wp:attachment":[{"href":"https:\/\/selariarosario.com.br\/atacado\/wp-json\/wp\/v2\/media?parent=2262"}],"wp:term":[{"taxonomy":"product_cat","embeddable":true,"href":"https:\/\/selariarosario.com.br\/atacado\/wp-json\/wp\/v2\/product_cat?post=2262"},{"taxonomy":"product_tag","embeddable":true,"href":"https:\/\/selariarosario.com.br\/atacado\/wp-json\/wp\/v2\/product_tag?post=2262"}],"curies":[{"name":"wp","href":"https:\/\/api.w.org\/{rel}","templated":true}]}}