{"id":2263,"date":"2024-01-18T12:07:32","date_gmt":"2024-01-18T15:07:32","guid":{"rendered":"https:\/\/selariarosario.com.br\/atacado\/?post_type=product&#038;p=2263"},"modified":"2024-01-18T12:08:27","modified_gmt":"2024-01-18T15:08:27","slug":"arreio-cutuco-paulista-cafe-sr","status":"publish","type":"product","link":"https:\/\/selariarosario.com.br\/atacado\/produto\/arreio-cutuco-paulista-cafe-sr\/","title":{"rendered":"Arreio Cutuco Paulista caf\u00e9 SR"},"content":{"rendered":"<p>O\u00a0 arreio cutuco Paulista tem sua estrutura em arma\u00e7\u00e3o de madeira enervada em couro cru e em seguida com leg\u00edtimo couro de b\u00fafalo tratado e oleado que garante a durabilidade e\u00a0 robustez necess\u00e1rias para enfrentar as demandas no campo e na estrada.<\/p>\n<p>A cabe\u00e7a do Cutuco Paulista \u00e9\u00a0 de madeira encapado com couro cru que proporciona um acabamento elegante e tradicional. Os detalhes em bot\u00f5es de selim em metal adicionam um charme adicional ao arreio. Al\u00e9m disso, possui duas correias de capa com suporte para chicote, permitindo que voc\u00ea esteja preparado para diferentes condi\u00e7\u00f5es clim\u00e1ticas durante sua jornada.<\/p>\n<p>Com meias argolas para peitoral e porta capa, o Cutuco Mineiro oferece versatilidade e praticidade em seu design. As prote\u00e7\u00f5es para as argolas das barrigueiras evitam o desgaste excessivo e prolongam a vida \u00fatil do arreio.<\/p>\n<p>O porta-capas \u00e9 fundamental para aqueles que, principalmente, gostam de fazer viagens mais longas com sua comitiva. O espa\u00e7o \u00e9 \u00fatil para a capa de chuva\u00a0 um detalhe que se torna essencial\u00a0 em cavalgadas longas, minimizando com isso o atrito e contato da capa com o lombo da montaria.<\/p>\n<h3>Um arreio com toque de sofistica\u00e7\u00e3o<\/h3>\n<p>O cutuco Paulista n\u00e3o apenas proporciona conforto para o cavaleiro com seu assento acolchoado em couro nobuck, ao mesmo tempo, inclui suadores em couro camur\u00e7a para evitar poss\u00edveis irrita\u00e7\u00f5es, bem como desconfortos na pele do animal. Essas caracter\u00edsticas fazem do Cutuco Paulista uma escolha ideal para viagens longas ao lado de sua comitiva, oferecendo assim o m\u00e1ximo de conforto e durabilidade.<\/p>\n<p>Com um acabamento fino e elegante, o Cutuco Paulista \u00e9 um arreio pr\u00e1tico e resistente, adequado para trabalho e passeio. Portanto, sua alta resist\u00eancia e durabilidade o tornam uma op\u00e7\u00e3o confi\u00e1vel para acompanhar voc\u00ea em suas aventuras. Garanta uma viagem mais completa e confort\u00e1vel com o Cutuco cabe\u00e7a Paulista.<\/p>\n<p>Op\u00e7\u00f5es de cores: marrom, preto, caf\u00e9, natural<\/p>\n<p>tamanho: 15 polegadas (at\u00e9 115 kgs)<\/p>\n<p>Peso: 12 kgs<\/p>\n","protected":false},"excerpt":{"rendered":"<p>O\u00a0 arreio cutuco Paulista tem sua estrutura em arma\u00e7\u00e3o de madeira enervada em couro cru e em seguida com leg\u00edtimo couro de b\u00fafalo tratado e oleado que garante a durabilidade e\u00a0 robustez necess\u00e1rias para enfrentar as demandas no campo e na estrada.<\/p>\n<p>A cabe\u00e7a do Cutuco Paulista \u00e9\u00a0 de madeira encapado com couro cru que proporciona um acabamento elegante e tradicional. Os detalhes em bot\u00f5es de selim em metal adicionam um charme adicional ao arreio. Al\u00e9m disso, possui duas correias de capa com suporte para chicote, permitindo que voc\u00ea esteja preparado para diferentes condi\u00e7\u00f5es clim\u00e1ticas durante sua jornada.<\/p>\n<p>Com meias argolas para peitoral e porta capa, o Cutuco Mineiro oferece versatilidade e praticidade em seu design. As prote\u00e7\u00f5es para as argolas das barrigueiras evitam o desgaste excessivo e prolongam a vida \u00fatil do arreio.<\/p>\n<p>O porta-capas \u00e9 fundamental para aqueles que, principalmente, gostam de fazer viagens mais longas com sua comitiva. O espa\u00e7o \u00e9 \u00fatil para a capa de chuva\u00a0 um detalhe que se torna essencial\u00a0 em cavalgadas longas, minimizando com isso o atrito e contato da capa com o lombo da montaria.<\/p>\n<h3>Um arreio com toque de sofistica\u00e7\u00e3o<\/h3>\n<p>O cutuco Paulista n\u00e3o apenas proporciona conforto para o cavaleiro com seu assento acolchoado em couro nobuck, ao mesmo tempo, inclui suadores em couro camur\u00e7a para evitar poss\u00edveis irrita\u00e7\u00f5es, bem como desconfortos na pele do animal. Essas caracter\u00edsticas fazem do Cutuco Paulista uma escolha ideal para viagens longas ao lado de sua comitiva, oferecendo assim o m\u00e1ximo de conforto e durabilidade.<\/p>\n<p>Com um acabamento fino e elegante, o Cutuco Paulista \u00e9 um arreio pr\u00e1tico e resistente, adequado para trabalho e passeio. Portanto, sua alta resist\u00eancia e durabilidade o tornam uma op\u00e7\u00e3o confi\u00e1vel para acompanhar voc\u00ea em suas aventuras. Garanta uma viagem mais completa e confort\u00e1vel com o Cutuco cabe\u00e7a Paulista.<\/p>\n<p>Op\u00e7\u00f5es de cores: marrom, preto, caf\u00e9, natural<\/p>\n<p>tamanho: 15 polegadas (at\u00e9 115 kgs)<\/p>\n<p>Peso: 12 kgs<\/p>\n","protected":false},"featured_media":2296,"template":"","meta":[],"product_cat":[20,18,17],"product_tag":[],"yoast_head":"<!-- This site is optimized with the Yoast SEO plugin v16.7 - https:\/\/yoast.com\/wordpress\/plugins\/seo\/ -->\n<title>Arreio Cutuco Paulista caf\u00e9 SR Arreio cutuco - Selaria Rosario<\/title>\n<meta name=\"description\" content=\"o Arreio Cutuco Paulista com Cabe\u00e7a \u00e9 um produto pr\u00e1tico, resistente, indicando tanto para trabalho quanto passeio, pois tem um acabamento sofisticado.\" \/>\n<meta name=\"robots\" content=\"index, follow, max-snippet:-1, max-image-preview:large, max-video-preview:-1\" \/>\n<link rel=\"canonical\" href=\"https:\/\/selariarosario.com.br\/atacado\/produto\/arreio-cutuco-paulista-cafe-sr\/\" \/>\n<meta property=\"og:locale\" content=\"pt_BR\" \/>\n<meta property=\"og:type\" content=\"article\" \/>\n<meta property=\"og:title\" content=\"Arreio Cutuco Paulista caf\u00e9 SR Arreio cutuco - Selaria Rosario\" \/>\n<meta property=\"og:description\" content=\"o Arreio Cutuco Paulista com Cabe\u00e7a \u00e9 um produto pr\u00e1tico, resistente, indicando tanto para trabalho quanto passeio, pois tem um acabamento sofisticado.\" \/>\n<meta property=\"og:url\" content=\"https:\/\/selariarosario.com.br\/atacado\/produto\/arreio-cutuco-paulista-cafe-sr\/\" \/>\n<meta property=\"og:site_name\" content=\"Selaria Rosario\" \/>\n<meta property=\"article:modified_time\" content=\"2024-01-18T15:08:27+00:00\" \/>\n<meta name=\"twitter:card\" content=\"summary_large_image\" \/>\n<meta name=\"twitter:label1\" content=\"Est. tempo de leitura\" \/>\n\t<meta name=\"twitter:data1\" content=\"2 minutos\" \/>\n<script type=\"application\/ld+json\" class=\"yoast-schema-graph\">{\"@context\":\"https:\/\/schema.org\",\"@graph\":[{\"@type\":\"WebSite\",\"@id\":\"https:\/\/selariarosario.com.br\/atacado\/#website\",\"url\":\"https:\/\/selariarosario.com.br\/atacado\/\",\"name\":\"Selaria Rosario\",\"description\":\"\",\"potentialAction\":[{\"@type\":\"SearchAction\",\"target\":{\"@type\":\"EntryPoint\",\"urlTemplate\":\"https:\/\/selariarosario.com.br\/atacado\/?s={search_term_string}\"},\"query-input\":\"required name=search_term_string\"}],\"inLanguage\":\"pt-BR\"},{\"@type\":\"ImageObject\",\"@id\":\"https:\/\/selariarosario.com.br\/atacado\/produto\/arreio-cutuco-paulista-cafe-sr\/#primaryimage\",\"inLanguage\":\"pt-BR\",\"url\":\"https:\/\/selariarosario.com.br\/atacado\/wp-content\/uploads\/2024\/01\/CUTUCO-CABECA-PAULISTA-ROSARIO.jpg\",\"contentUrl\":\"https:\/\/selariarosario.com.br\/atacado\/wp-content\/uploads\/2024\/01\/CUTUCO-CABECA-PAULISTA-ROSARIO.jpg\",\"width\":1200,\"height\":1200},{\"@type\":\"WebPage\",\"@id\":\"https:\/\/selariarosario.com.br\/atacado\/produto\/arreio-cutuco-paulista-cafe-sr\/#webpage\",\"url\":\"https:\/\/selariarosario.com.br\/atacado\/produto\/arreio-cutuco-paulista-cafe-sr\/\",\"name\":\"Arreio Cutuco Paulista caf\\u00e9 SR Arreio cutuco - Selaria Rosario\",\"isPartOf\":{\"@id\":\"https:\/\/selariarosario.com.br\/atacado\/#website\"},\"primaryImageOfPage\":{\"@id\":\"https:\/\/selariarosario.com.br\/atacado\/produto\/arreio-cutuco-paulista-cafe-sr\/#primaryimage\"},\"datePublished\":\"2024-01-18T15:07:32+00:00\",\"dateModified\":\"2024-01-18T15:08:27+00:00\",\"description\":\"o Arreio Cutuco Paulista com Cabe\\u00e7a \\u00e9 um produto pr\\u00e1tico, resistente, indicando tanto para trabalho quanto passeio, pois tem um acabamento sofisticado.\",\"breadcrumb\":{\"@id\":\"https:\/\/selariarosario.com.br\/atacado\/produto\/arreio-cutuco-paulista-cafe-sr\/#breadcrumb\"},\"inLanguage\":\"pt-BR\",\"potentialAction\":[{\"@type\":\"ReadAction\",\"target\":[\"https:\/\/selariarosario.com.br\/atacado\/produto\/arreio-cutuco-paulista-cafe-sr\/\"]}]},{\"@type\":\"BreadcrumbList\",\"@id\":\"https:\/\/selariarosario.com.br\/atacado\/produto\/arreio-cutuco-paulista-cafe-sr\/#breadcrumb\",\"itemListElement\":[{\"@type\":\"ListItem\",\"position\":1,\"name\":\"In\\u00edcio\",\"item\":\"https:\/\/selariarosario.com.br\/atacado\/\"},{\"@type\":\"ListItem\",\"position\":2,\"name\":\"Produtos\",\"item\":\"https:\/\/selariarosario.com.br\/atacado\/produtos\/\"},{\"@type\":\"ListItem\",\"position\":3,\"name\":\"Arreio Cutuco Paulista caf\\u00e9 SR\"}]}]}<\/script>\n<!-- \/ Yoast SEO plugin. -->","yoast_head_json":{"title":"Arreio Cutuco Paulista caf\u00e9 SR Arreio cutuco - Selaria Rosario","description":"o Arreio Cutuco Paulista com Cabe\u00e7a \u00e9 um produto pr\u00e1tico, resistente, indicando tanto para trabalho quanto passeio, pois tem um acabamento sofisticado.","robots":{"index":"index","follow":"follow","max-snippet":"max-snippet:-1","max-image-preview":"max-image-preview:large","max-video-preview":"max-video-preview:-1"},"canonical":"https:\/\/selariarosario.com.br\/atacado\/produto\/arreio-cutuco-paulista-cafe-sr\/","og_locale":"pt_BR","og_type":"article","og_title":"Arreio Cutuco Paulista caf\u00e9 SR Arreio cutuco - Selaria Rosario","og_description":"o Arreio Cutuco Paulista com Cabe\u00e7a \u00e9 um produto pr\u00e1tico, resistente, indicando tanto para trabalho quanto passeio, pois tem um acabamento sofisticado.","og_url":"https:\/\/selariarosario.com.br\/atacado\/produto\/arreio-cutuco-paulista-cafe-sr\/","og_site_name":"Selaria Rosario","article_modified_time":"2024-01-18T15:08:27+00:00","twitter_card":"summary_large_image","twitter_misc":{"Est. tempo de leitura":"2 minutos"},"schema":{"@context":"https:\/\/schema.org","@graph":[{"@type":"WebSite","@id":"https:\/\/selariarosario.com.br\/atacado\/#website","url":"https:\/\/selariarosario.com.br\/atacado\/","name":"Selaria Rosario","description":"","potentialAction":[{"@type":"SearchAction","target":{"@type":"EntryPoint","urlTemplate":"https:\/\/selariarosario.com.br\/atacado\/?s={search_term_string}"},"query-input":"required name=search_term_string"}],"inLanguage":"pt-BR"},{"@type":"ImageObject","@id":"https:\/\/selariarosario.com.br\/atacado\/produto\/arreio-cutuco-paulista-cafe-sr\/#primaryimage","inLanguage":"pt-BR","url":"https:\/\/selariarosario.com.br\/atacado\/wp-content\/uploads\/2024\/01\/CUTUCO-CABECA-PAULISTA-ROSARIO.jpg","contentUrl":"https:\/\/selariarosario.com.br\/atacado\/wp-content\/uploads\/2024\/01\/CUTUCO-CABECA-PAULISTA-ROSARIO.jpg","width":1200,"height":1200},{"@type":"WebPage","@id":"https:\/\/selariarosario.com.br\/atacado\/produto\/arreio-cutuco-paulista-cafe-sr\/#webpage","url":"https:\/\/selariarosario.com.br\/atacado\/produto\/arreio-cutuco-paulista-cafe-sr\/","name":"Arreio Cutuco Paulista caf\u00e9 SR Arreio cutuco - Selaria Rosario","isPartOf":{"@id":"https:\/\/selariarosario.com.br\/atacado\/#website"},"primaryImageOfPage":{"@id":"https:\/\/selariarosario.com.br\/atacado\/produto\/arreio-cutuco-paulista-cafe-sr\/#primaryimage"},"datePublished":"2024-01-18T15:07:32+00:00","dateModified":"2024-01-18T15:08:27+00:00","description":"o Arreio Cutuco Paulista com Cabe\u00e7a \u00e9 um produto pr\u00e1tico, resistente, indicando tanto para trabalho quanto passeio, pois tem um acabamento sofisticado.","breadcrumb":{"@id":"https:\/\/selariarosario.com.br\/atacado\/produto\/arreio-cutuco-paulista-cafe-sr\/#breadcrumb"},"inLanguage":"pt-BR","potentialAction":[{"@type":"ReadAction","target":["https:\/\/selariarosario.com.br\/atacado\/produto\/arreio-cutuco-paulista-cafe-sr\/"]}]},{"@type":"BreadcrumbList","@id":"https:\/\/selariarosario.com.br\/atacado\/produto\/arreio-cutuco-paulista-cafe-sr\/#breadcrumb","itemListElement":[{"@type":"ListItem","position":1,"name":"In\u00edcio","item":"https:\/\/selariarosario.com.br\/atacado\/"},{"@type":"ListItem","position":2,"name":"Produtos","item":"https:\/\/selariarosario.com.br\/atacado\/produtos\/"},{"@type":"ListItem","position":3,"name":"Arreio Cutuco Paulista caf\u00e9 SR"}]}]}},"_links":{"self":[{"href":"https:\/\/selariarosario.com.br\/atacado\/wp-json\/wp\/v2\/product\/2263"}],"collection":[{"href":"https:\/\/selariarosario.com.br\/atacado\/wp-json\/wp\/v2\/product"}],"about":[{"href":"https:\/\/selariarosario.com.br\/atacado\/wp-json\/wp\/v2\/types\/product"}],"wp:featuredmedia":[{"embeddable":true,"href":"https:\/\/selariarosario.com.br\/atacado\/wp-json\/wp\/v2\/media\/2296"}],"wp:attachment":[{"href":"https:\/\/selariarosario.com.br\/atacado\/wp-json\/wp\/v2\/media?parent=2263"}],"wp:term":[{"taxonomy":"product_cat","embeddable":true,"href":"https:\/\/selariarosario.com.br\/atacado\/wp-json\/wp\/v2\/product_cat?post=2263"},{"taxonomy":"product_tag","embeddable":true,"href":"https:\/\/selariarosario.com.br\/atacado\/wp-json\/wp\/v2\/product_tag?post=2263"}],"curies":[{"name":"wp","href":"https:\/\/api.w.org\/{rel}","templated":true}]}}