{"id":2313,"date":"2024-01-18T12:08:16","date_gmt":"2024-01-18T15:08:16","guid":{"rendered":"https:\/\/selariarosario.com.br\/atacado\/?post_type=product&#038;p=2313"},"modified":"2024-01-18T12:08:45","modified_gmt":"2024-01-18T15:08:45","slug":"sela-americana-c-traseira-de-baliza-marrom-lisa-2","status":"publish","type":"product","link":"https:\/\/selariarosario.com.br\/atacado\/produto\/sela-americana-c-traseira-de-baliza-marrom-lisa-2\/","title":{"rendered":"Sela Americana c\/traseira de baliza marrom lisa"},"content":{"rendered":"<p>Sela Americana Baliza lisa\u00a0 \u00a0\u00e9 um exemplo de excel\u00eancia e qualidade em cada detalhe. Totalmente lisa, essa sela \u00e9 verdadeiramente exclusiva, garantindo um acabamento de alto n\u00edvel e um visual impressionante. Esta \u00e9 Sua Sela Americana verdadeira<\/p>\n<p>Fabricada em leg\u00edtimo couro de b\u00fafalo natural, selecionado e tratado, a Sela Americana de Baliza oferece uma resist\u00eancia excepcional, garantindo uma vida \u00fatil prolongada mesmo nas condi\u00e7\u00f5es mais exigentes.<\/p>\n<p>Com sua traseira de baliza, essa sela \u00e9 vers\u00e1til e multifuncional, atendendo \u00e0s necessidades de diversos tipos de cavalos e atividades. Sua composi\u00e7\u00e3o inclui argolas e fivelas em alum\u00ednio, livres de ferrugem, garantindo durabilidade e funcionalidade.<\/p>\n<p>A arma\u00e7\u00e3o da sela \u00e9 feita em fibra de vidro epox 16 polegadas, proporcionando assim resist\u00eancia e estabilidade. Confeccionamos o assento em espuma de alta densidade (D60), bordamos e revestimos em couro vaqueta marrom para oferecer o m\u00e1ximo de conforto ao cavaleiro. Al\u00e9m disso, os suadores em feltro de l\u00e3 com 12mm de espessura garantem a absor\u00e7\u00e3o do suor e o bem-estar do cavalo.<br \/>\nSela Americana Baliza lisa :Sua Sela Americana verdadeira<br \/>\nNossa equipe fabrica cada unidade da Sela Americana Baliza\u00a0 seguindo sobretudo rigorosos padr\u00f5es de qualidade e aplicando um fino acabamento. Sua versatilidade permite o uso em uma ampla variedade de ra\u00e7as, tornando-a uma escolha confi\u00e1vel para qualquer cavaleiro. Se voc\u00ea busca uma sela de alta qualidade, com um visual impressionante e funcionalidade excepcional, a Sela Americana com traseira de Baliza \u00e9 a op\u00e7\u00e3o perfeita.<br \/>\nTAMANHO: 16 POLEGADAS<br \/>\nOp\u00e7\u00e3o de cores conforme abaixo:<br \/>\nPreto, natural, havana, caf\u00e9 ,marrom claro, marrom escuro , branca, rosa<br \/>\nPeso: 12 KGS<br \/>\nMarca: ILS<\/p>\n","protected":false},"excerpt":{"rendered":"<p>Sela Americana traseira de baliza havana lisa: Sua Sela Americana verdadeira \u00e9 um modelo ideal para suas provas, passeios, cavalgadas e trabalho.<\/p>\n","protected":false},"featured_media":2362,"template":"","meta":[],"product_cat":[26,28,17],"product_tag":[],"yoast_head":"<!-- This site is optimized with the Yoast SEO plugin v16.7 - https:\/\/yoast.com\/wordpress\/plugins\/seo\/ -->\n<title>Sela Americana Baliza lisa<\/title>\n<meta name=\"description\" content=\"Sela Americana traseira de baliza marrom lisa: Sua Sela Americana verdadeira \u00e9 um modelo ideal para suas provas, passeios, cavalgadas e trabalho.\" \/>\n<meta name=\"robots\" content=\"index, follow, max-snippet:-1, max-image-preview:large, max-video-preview:-1\" \/>\n<link rel=\"canonical\" href=\"https:\/\/selariarosario.com.br\/atacado\/produto\/sela-americana-c-traseira-de-baliza-marrom-lisa-2\/\" \/>\n<meta property=\"og:locale\" content=\"pt_BR\" \/>\n<meta property=\"og:type\" content=\"article\" \/>\n<meta property=\"og:title\" content=\"Sela Americana Baliza lisa\" \/>\n<meta property=\"og:description\" content=\"Sela Americana traseira de baliza marrom lisa: Sua Sela Americana verdadeira \u00e9 um modelo ideal para suas provas, passeios, cavalgadas e trabalho.\" \/>\n<meta property=\"og:url\" content=\"https:\/\/selariarosario.com.br\/atacado\/produto\/sela-americana-c-traseira-de-baliza-marrom-lisa-2\/\" \/>\n<meta property=\"og:site_name\" content=\"Selaria Rosario\" \/>\n<meta property=\"article:modified_time\" content=\"2024-01-18T15:08:45+00:00\" \/>\n<meta name=\"twitter:card\" content=\"summary_large_image\" \/>\n<meta name=\"twitter:label1\" content=\"Est. tempo de leitura\" \/>\n\t<meta name=\"twitter:data1\" content=\"2 minutos\" \/>\n<script type=\"application\/ld+json\" class=\"yoast-schema-graph\">{\"@context\":\"https:\/\/schema.org\",\"@graph\":[{\"@type\":\"WebSite\",\"@id\":\"https:\/\/selariarosario.com.br\/atacado\/#website\",\"url\":\"https:\/\/selariarosario.com.br\/atacado\/\",\"name\":\"Selaria Rosario\",\"description\":\"\",\"potentialAction\":[{\"@type\":\"SearchAction\",\"target\":{\"@type\":\"EntryPoint\",\"urlTemplate\":\"https:\/\/selariarosario.com.br\/atacado\/?s={search_term_string}\"},\"query-input\":\"required name=search_term_string\"}],\"inLanguage\":\"pt-BR\"},{\"@type\":\"ImageObject\",\"@id\":\"https:\/\/selariarosario.com.br\/atacado\/produto\/sela-americana-c-traseira-de-baliza-marrom-lisa-2\/#primaryimage\",\"inLanguage\":\"pt-BR\",\"url\":\"https:\/\/selariarosario.com.br\/atacado\/wp-content\/uploads\/2024\/01\/SELA-AMERICANA-TB-ALUMINIO.jpg-3-1.jpg\",\"contentUrl\":\"https:\/\/selariarosario.com.br\/atacado\/wp-content\/uploads\/2024\/01\/SELA-AMERICANA-TB-ALUMINIO.jpg-3-1.jpg\",\"width\":1000,\"height\":1000},{\"@type\":\"WebPage\",\"@id\":\"https:\/\/selariarosario.com.br\/atacado\/produto\/sela-americana-c-traseira-de-baliza-marrom-lisa-2\/#webpage\",\"url\":\"https:\/\/selariarosario.com.br\/atacado\/produto\/sela-americana-c-traseira-de-baliza-marrom-lisa-2\/\",\"name\":\"Sela Americana Baliza lisa\",\"isPartOf\":{\"@id\":\"https:\/\/selariarosario.com.br\/atacado\/#website\"},\"primaryImageOfPage\":{\"@id\":\"https:\/\/selariarosario.com.br\/atacado\/produto\/sela-americana-c-traseira-de-baliza-marrom-lisa-2\/#primaryimage\"},\"datePublished\":\"2024-01-18T15:08:16+00:00\",\"dateModified\":\"2024-01-18T15:08:45+00:00\",\"description\":\"Sela Americana traseira de baliza marrom lisa: Sua Sela Americana verdadeira \\u00e9 um modelo ideal para suas provas, passeios, cavalgadas e trabalho.\",\"breadcrumb\":{\"@id\":\"https:\/\/selariarosario.com.br\/atacado\/produto\/sela-americana-c-traseira-de-baliza-marrom-lisa-2\/#breadcrumb\"},\"inLanguage\":\"pt-BR\",\"potentialAction\":[{\"@type\":\"ReadAction\",\"target\":[\"https:\/\/selariarosario.com.br\/atacado\/produto\/sela-americana-c-traseira-de-baliza-marrom-lisa-2\/\"]}]},{\"@type\":\"BreadcrumbList\",\"@id\":\"https:\/\/selariarosario.com.br\/atacado\/produto\/sela-americana-c-traseira-de-baliza-marrom-lisa-2\/#breadcrumb\",\"itemListElement\":[{\"@type\":\"ListItem\",\"position\":1,\"name\":\"In\\u00edcio\",\"item\":\"https:\/\/selariarosario.com.br\/atacado\/\"},{\"@type\":\"ListItem\",\"position\":2,\"name\":\"Produtos\",\"item\":\"https:\/\/selariarosario.com.br\/atacado\/produtos\/\"},{\"@type\":\"ListItem\",\"position\":3,\"name\":\"Sela Americana c\/traseira de baliza marrom lisa\"}]}]}<\/script>\n<!-- \/ Yoast SEO plugin. -->","yoast_head_json":{"title":"Sela Americana Baliza lisa","description":"Sela Americana traseira de baliza marrom lisa: Sua Sela Americana verdadeira \u00e9 um modelo ideal para suas provas, passeios, cavalgadas e trabalho.","robots":{"index":"index","follow":"follow","max-snippet":"max-snippet:-1","max-image-preview":"max-image-preview:large","max-video-preview":"max-video-preview:-1"},"canonical":"https:\/\/selariarosario.com.br\/atacado\/produto\/sela-americana-c-traseira-de-baliza-marrom-lisa-2\/","og_locale":"pt_BR","og_type":"article","og_title":"Sela Americana Baliza lisa","og_description":"Sela Americana traseira de baliza marrom lisa: Sua Sela Americana verdadeira \u00e9 um modelo ideal para suas provas, passeios, cavalgadas e trabalho.","og_url":"https:\/\/selariarosario.com.br\/atacado\/produto\/sela-americana-c-traseira-de-baliza-marrom-lisa-2\/","og_site_name":"Selaria Rosario","article_modified_time":"2024-01-18T15:08:45+00:00","twitter_card":"summary_large_image","twitter_misc":{"Est. tempo de leitura":"2 minutos"},"schema":{"@context":"https:\/\/schema.org","@graph":[{"@type":"WebSite","@id":"https:\/\/selariarosario.com.br\/atacado\/#website","url":"https:\/\/selariarosario.com.br\/atacado\/","name":"Selaria Rosario","description":"","potentialAction":[{"@type":"SearchAction","target":{"@type":"EntryPoint","urlTemplate":"https:\/\/selariarosario.com.br\/atacado\/?s={search_term_string}"},"query-input":"required name=search_term_string"}],"inLanguage":"pt-BR"},{"@type":"ImageObject","@id":"https:\/\/selariarosario.com.br\/atacado\/produto\/sela-americana-c-traseira-de-baliza-marrom-lisa-2\/#primaryimage","inLanguage":"pt-BR","url":"https:\/\/selariarosario.com.br\/atacado\/wp-content\/uploads\/2024\/01\/SELA-AMERICANA-TB-ALUMINIO.jpg-3-1.jpg","contentUrl":"https:\/\/selariarosario.com.br\/atacado\/wp-content\/uploads\/2024\/01\/SELA-AMERICANA-TB-ALUMINIO.jpg-3-1.jpg","width":1000,"height":1000},{"@type":"WebPage","@id":"https:\/\/selariarosario.com.br\/atacado\/produto\/sela-americana-c-traseira-de-baliza-marrom-lisa-2\/#webpage","url":"https:\/\/selariarosario.com.br\/atacado\/produto\/sela-americana-c-traseira-de-baliza-marrom-lisa-2\/","name":"Sela Americana Baliza lisa","isPartOf":{"@id":"https:\/\/selariarosario.com.br\/atacado\/#website"},"primaryImageOfPage":{"@id":"https:\/\/selariarosario.com.br\/atacado\/produto\/sela-americana-c-traseira-de-baliza-marrom-lisa-2\/#primaryimage"},"datePublished":"2024-01-18T15:08:16+00:00","dateModified":"2024-01-18T15:08:45+00:00","description":"Sela Americana traseira de baliza marrom lisa: Sua Sela Americana verdadeira \u00e9 um modelo ideal para suas provas, passeios, cavalgadas e trabalho.","breadcrumb":{"@id":"https:\/\/selariarosario.com.br\/atacado\/produto\/sela-americana-c-traseira-de-baliza-marrom-lisa-2\/#breadcrumb"},"inLanguage":"pt-BR","potentialAction":[{"@type":"ReadAction","target":["https:\/\/selariarosario.com.br\/atacado\/produto\/sela-americana-c-traseira-de-baliza-marrom-lisa-2\/"]}]},{"@type":"BreadcrumbList","@id":"https:\/\/selariarosario.com.br\/atacado\/produto\/sela-americana-c-traseira-de-baliza-marrom-lisa-2\/#breadcrumb","itemListElement":[{"@type":"ListItem","position":1,"name":"In\u00edcio","item":"https:\/\/selariarosario.com.br\/atacado\/"},{"@type":"ListItem","position":2,"name":"Produtos","item":"https:\/\/selariarosario.com.br\/atacado\/produtos\/"},{"@type":"ListItem","position":3,"name":"Sela Americana c\/traseira de baliza marrom lisa"}]}]}},"_links":{"self":[{"href":"https:\/\/selariarosario.com.br\/atacado\/wp-json\/wp\/v2\/product\/2313"}],"collection":[{"href":"https:\/\/selariarosario.com.br\/atacado\/wp-json\/wp\/v2\/product"}],"about":[{"href":"https:\/\/selariarosario.com.br\/atacado\/wp-json\/wp\/v2\/types\/product"}],"wp:featuredmedia":[{"embeddable":true,"href":"https:\/\/selariarosario.com.br\/atacado\/wp-json\/wp\/v2\/media\/2362"}],"wp:attachment":[{"href":"https:\/\/selariarosario.com.br\/atacado\/wp-json\/wp\/v2\/media?parent=2313"}],"wp:term":[{"taxonomy":"product_cat","embeddable":true,"href":"https:\/\/selariarosario.com.br\/atacado\/wp-json\/wp\/v2\/product_cat?post=2313"},{"taxonomy":"product_tag","embeddable":true,"href":"https:\/\/selariarosario.com.br\/atacado\/wp-json\/wp\/v2\/product_tag?post=2313"}],"curies":[{"name":"wp","href":"https:\/\/api.w.org\/{rel}","templated":true}]}}