{"id":2316,"date":"2024-01-18T12:08:16","date_gmt":"2024-01-18T15:08:16","guid":{"rendered":"https:\/\/selariarosario.com.br\/atacado\/?post_type=product&#038;p=2316"},"modified":"2024-01-18T12:08:53","modified_gmt":"2024-01-18T15:08:53","slug":"sela-coqueluche-borraina-dupla-preta","status":"publish","type":"product","link":"https:\/\/selariarosario.com.br\/atacado\/produto\/sela-coqueluche-borraina-dupla-preta\/","title":{"rendered":"Sela Coqueluche borraina dupla preta"},"content":{"rendered":"<p>Sela Coqueluche borraina dupla \u00e9 um produto de alt\u00edssimo n\u00edvel, ideal para os amantes da cavalgada e da equita\u00e7\u00e3o. \u00c9 O M\u00e1ximo em desempenho e conforto. Esta sela confecciona-se com materiais de primeira qualidade, proporcionando ao cavaleiro conforto, durabilidade e seguran\u00e7a, al\u00e9m de possuir um design elegante e funcional.<\/p>\n<p>Sela Coqueluche borraina dupla \u00e9 toda confeccionada em couro de b\u00fafalo e vaqueta automotiva e gel SOFT ORIGINAL, garantindo um acabamento suave e resistente. Sua superf\u00edcie lisa confere um visual sofisticado, destacando-se portanto, em qualquer ambiente e modalidade.<\/p>\n<p>A arma\u00e7\u00e3o da sela \u00e9 em fibra de vidro, o que proporciona uma estrutura leve e resistente, ideal sobretudo para longas cavalgadas. Al\u00e9m disso, os suadores s\u00e3o 100% pel\u00facia, garantindo, o m\u00e1ximo de conforto para o cavalo.<\/p>\n<p>As abas da sela possuem duas borrainas estofadas em gel, proporcionando um assento macio e seguro para o cavaleiro. Essa caracter\u00edstica tamb\u00e9m contribui para a absor\u00e7\u00e3o de impactos durante a cavalgada que evita desconfortos e les\u00f5es.<br \/>\nSela Coqueluche borraina dupla: O M\u00e1ximo em desempenho e conforto<br \/>\nA Sela Coqueluche Tipo Exporta\u00e7\u00e3o Ros\u00e1rio \u00e9 extremamente vers\u00e1til, pode ser utilizada da mesma forma em quase todas as ra\u00e7as e modalidades. Portanto, seu design, assim como as caracter\u00edsticas t\u00e9cnicas, fazem dela uma escolha acertada para cavalos de diferentes portes e conforma\u00e7\u00f5es.<\/p>\n<p>As ferragens da sela s\u00e3o em inox, o que confere durabilidade e principalmente resist\u00eancia contra corros\u00e3o. Al\u00e9m disso, s\u00e3o altamente pr\u00e1ticas e seguras, proporcionando facilidade no ajuste, bem como melhor fixa\u00e7\u00e3o da sela no cavalo.<\/p>\n<p>A Sela Coqueluche Tipo Exporta\u00e7\u00e3o Ros\u00e1rio \u00e9 um item de alta qualidade e excel\u00eancia, que atende \u00e0s exig\u00eancias dos cavaleiros mais exigentes. Combinando design elegante, materiais de primeira linha e caracter\u00edsticas t\u00e9cnicas avan\u00e7adas, essa sela oferece assim o m\u00e1ximo de conforto, seguran\u00e7a e desempenho.<br \/>\nTamanho: 16 polegadas<br \/>\nMarca:ILS<\/p>\n","protected":false},"excerpt":{"rendered":"<p>A Sela Coqueluche Tipo Exporta\u00e7\u00e3o Ros\u00e1rio \u00e9 um item de alta qualidade e excel\u00eancia, que atende \u00e0s exig\u00eancias dos cavaleiros mais exigentes. Combinando design elegante, materiais de primeira linha e caracter\u00edsticas t\u00e9cnicas avan\u00e7adas, essa sela oferece assim o m\u00e1ximo de conforto, seguran\u00e7a e desempenho.<\/p>\n","protected":false},"featured_media":2377,"template":"","meta":[],"product_cat":[26,31,17],"product_tag":[],"yoast_head":"<!-- This site is optimized with the Yoast SEO plugin v16.7 - https:\/\/yoast.com\/wordpress\/plugins\/seo\/ -->\n<title>Sela Coqueluche borraina dupla<\/title>\n<meta name=\"description\" content=\"Sela Coqueluche borraina dupla Ros\u00e1rio \u00e9 um item de alta qualidade e excel\u00eancia, que atende \u00e0s exig\u00eancias dos cavaleiros mais exigentes,\" \/>\n<meta name=\"robots\" content=\"index, follow, max-snippet:-1, max-image-preview:large, max-video-preview:-1\" \/>\n<link rel=\"canonical\" href=\"https:\/\/selariarosario.com.br\/atacado\/produto\/sela-coqueluche-borraina-dupla-preta\/\" \/>\n<meta property=\"og:locale\" content=\"pt_BR\" \/>\n<meta property=\"og:type\" content=\"article\" \/>\n<meta property=\"og:title\" content=\"Sela Coqueluche borraina dupla\" \/>\n<meta property=\"og:description\" content=\"Sela Coqueluche borraina dupla Ros\u00e1rio \u00e9 um item de alta qualidade e excel\u00eancia, que atende \u00e0s exig\u00eancias dos cavaleiros mais exigentes,\" \/>\n<meta property=\"og:url\" content=\"https:\/\/selariarosario.com.br\/atacado\/produto\/sela-coqueluche-borraina-dupla-preta\/\" \/>\n<meta property=\"og:site_name\" content=\"Selaria Rosario\" \/>\n<meta property=\"article:modified_time\" content=\"2024-01-18T15:08:53+00:00\" \/>\n<meta name=\"twitter:card\" content=\"summary_large_image\" \/>\n<meta name=\"twitter:label1\" content=\"Est. tempo de leitura\" \/>\n\t<meta name=\"twitter:data1\" content=\"2 minutos\" \/>\n<script type=\"application\/ld+json\" class=\"yoast-schema-graph\">{\"@context\":\"https:\/\/schema.org\",\"@graph\":[{\"@type\":\"WebSite\",\"@id\":\"https:\/\/selariarosario.com.br\/atacado\/#website\",\"url\":\"https:\/\/selariarosario.com.br\/atacado\/\",\"name\":\"Selaria Rosario\",\"description\":\"\",\"potentialAction\":[{\"@type\":\"SearchAction\",\"target\":{\"@type\":\"EntryPoint\",\"urlTemplate\":\"https:\/\/selariarosario.com.br\/atacado\/?s={search_term_string}\"},\"query-input\":\"required name=search_term_string\"}],\"inLanguage\":\"pt-BR\"},{\"@type\":\"ImageObject\",\"@id\":\"https:\/\/selariarosario.com.br\/atacado\/produto\/sela-coqueluche-borraina-dupla-preta\/#primaryimage\",\"inLanguage\":\"pt-BR\",\"url\":\"https:\/\/selariarosario.com.br\/atacado\/wp-content\/uploads\/2024\/01\/SELA-GEL-DUAS-Abas.jpg-3-jpg.jpg\",\"contentUrl\":\"https:\/\/selariarosario.com.br\/atacado\/wp-content\/uploads\/2024\/01\/SELA-GEL-DUAS-Abas.jpg-3-jpg.jpg\",\"width\":1000,\"height\":1000},{\"@type\":\"WebPage\",\"@id\":\"https:\/\/selariarosario.com.br\/atacado\/produto\/sela-coqueluche-borraina-dupla-preta\/#webpage\",\"url\":\"https:\/\/selariarosario.com.br\/atacado\/produto\/sela-coqueluche-borraina-dupla-preta\/\",\"name\":\"Sela Coqueluche borraina dupla\",\"isPartOf\":{\"@id\":\"https:\/\/selariarosario.com.br\/atacado\/#website\"},\"primaryImageOfPage\":{\"@id\":\"https:\/\/selariarosario.com.br\/atacado\/produto\/sela-coqueluche-borraina-dupla-preta\/#primaryimage\"},\"datePublished\":\"2024-01-18T15:08:16+00:00\",\"dateModified\":\"2024-01-18T15:08:53+00:00\",\"description\":\"Sela Coqueluche borraina dupla Ros\\u00e1rio \\u00e9 um item de alta qualidade e excel\\u00eancia, que atende \\u00e0s exig\\u00eancias dos cavaleiros mais exigentes,\",\"breadcrumb\":{\"@id\":\"https:\/\/selariarosario.com.br\/atacado\/produto\/sela-coqueluche-borraina-dupla-preta\/#breadcrumb\"},\"inLanguage\":\"pt-BR\",\"potentialAction\":[{\"@type\":\"ReadAction\",\"target\":[\"https:\/\/selariarosario.com.br\/atacado\/produto\/sela-coqueluche-borraina-dupla-preta\/\"]}]},{\"@type\":\"BreadcrumbList\",\"@id\":\"https:\/\/selariarosario.com.br\/atacado\/produto\/sela-coqueluche-borraina-dupla-preta\/#breadcrumb\",\"itemListElement\":[{\"@type\":\"ListItem\",\"position\":1,\"name\":\"In\\u00edcio\",\"item\":\"https:\/\/selariarosario.com.br\/atacado\/\"},{\"@type\":\"ListItem\",\"position\":2,\"name\":\"Produtos\",\"item\":\"https:\/\/selariarosario.com.br\/atacado\/produtos\/\"},{\"@type\":\"ListItem\",\"position\":3,\"name\":\"Sela Coqueluche borraina dupla preta\"}]}]}<\/script>\n<!-- \/ Yoast SEO plugin. -->","yoast_head_json":{"title":"Sela Coqueluche borraina dupla","description":"Sela Coqueluche borraina dupla Ros\u00e1rio \u00e9 um item de alta qualidade e excel\u00eancia, que atende \u00e0s exig\u00eancias dos cavaleiros mais exigentes,","robots":{"index":"index","follow":"follow","max-snippet":"max-snippet:-1","max-image-preview":"max-image-preview:large","max-video-preview":"max-video-preview:-1"},"canonical":"https:\/\/selariarosario.com.br\/atacado\/produto\/sela-coqueluche-borraina-dupla-preta\/","og_locale":"pt_BR","og_type":"article","og_title":"Sela Coqueluche borraina dupla","og_description":"Sela Coqueluche borraina dupla Ros\u00e1rio \u00e9 um item de alta qualidade e excel\u00eancia, que atende \u00e0s exig\u00eancias dos cavaleiros mais exigentes,","og_url":"https:\/\/selariarosario.com.br\/atacado\/produto\/sela-coqueluche-borraina-dupla-preta\/","og_site_name":"Selaria Rosario","article_modified_time":"2024-01-18T15:08:53+00:00","twitter_card":"summary_large_image","twitter_misc":{"Est. tempo de leitura":"2 minutos"},"schema":{"@context":"https:\/\/schema.org","@graph":[{"@type":"WebSite","@id":"https:\/\/selariarosario.com.br\/atacado\/#website","url":"https:\/\/selariarosario.com.br\/atacado\/","name":"Selaria Rosario","description":"","potentialAction":[{"@type":"SearchAction","target":{"@type":"EntryPoint","urlTemplate":"https:\/\/selariarosario.com.br\/atacado\/?s={search_term_string}"},"query-input":"required name=search_term_string"}],"inLanguage":"pt-BR"},{"@type":"ImageObject","@id":"https:\/\/selariarosario.com.br\/atacado\/produto\/sela-coqueluche-borraina-dupla-preta\/#primaryimage","inLanguage":"pt-BR","url":"https:\/\/selariarosario.com.br\/atacado\/wp-content\/uploads\/2024\/01\/SELA-GEL-DUAS-Abas.jpg-3-jpg.jpg","contentUrl":"https:\/\/selariarosario.com.br\/atacado\/wp-content\/uploads\/2024\/01\/SELA-GEL-DUAS-Abas.jpg-3-jpg.jpg","width":1000,"height":1000},{"@type":"WebPage","@id":"https:\/\/selariarosario.com.br\/atacado\/produto\/sela-coqueluche-borraina-dupla-preta\/#webpage","url":"https:\/\/selariarosario.com.br\/atacado\/produto\/sela-coqueluche-borraina-dupla-preta\/","name":"Sela Coqueluche borraina dupla","isPartOf":{"@id":"https:\/\/selariarosario.com.br\/atacado\/#website"},"primaryImageOfPage":{"@id":"https:\/\/selariarosario.com.br\/atacado\/produto\/sela-coqueluche-borraina-dupla-preta\/#primaryimage"},"datePublished":"2024-01-18T15:08:16+00:00","dateModified":"2024-01-18T15:08:53+00:00","description":"Sela Coqueluche borraina dupla Ros\u00e1rio \u00e9 um item de alta qualidade e excel\u00eancia, que atende \u00e0s exig\u00eancias dos cavaleiros mais exigentes,","breadcrumb":{"@id":"https:\/\/selariarosario.com.br\/atacado\/produto\/sela-coqueluche-borraina-dupla-preta\/#breadcrumb"},"inLanguage":"pt-BR","potentialAction":[{"@type":"ReadAction","target":["https:\/\/selariarosario.com.br\/atacado\/produto\/sela-coqueluche-borraina-dupla-preta\/"]}]},{"@type":"BreadcrumbList","@id":"https:\/\/selariarosario.com.br\/atacado\/produto\/sela-coqueluche-borraina-dupla-preta\/#breadcrumb","itemListElement":[{"@type":"ListItem","position":1,"name":"In\u00edcio","item":"https:\/\/selariarosario.com.br\/atacado\/"},{"@type":"ListItem","position":2,"name":"Produtos","item":"https:\/\/selariarosario.com.br\/atacado\/produtos\/"},{"@type":"ListItem","position":3,"name":"Sela Coqueluche borraina dupla preta"}]}]}},"_links":{"self":[{"href":"https:\/\/selariarosario.com.br\/atacado\/wp-json\/wp\/v2\/product\/2316"}],"collection":[{"href":"https:\/\/selariarosario.com.br\/atacado\/wp-json\/wp\/v2\/product"}],"about":[{"href":"https:\/\/selariarosario.com.br\/atacado\/wp-json\/wp\/v2\/types\/product"}],"wp:featuredmedia":[{"embeddable":true,"href":"https:\/\/selariarosario.com.br\/atacado\/wp-json\/wp\/v2\/media\/2377"}],"wp:attachment":[{"href":"https:\/\/selariarosario.com.br\/atacado\/wp-json\/wp\/v2\/media?parent=2316"}],"wp:term":[{"taxonomy":"product_cat","embeddable":true,"href":"https:\/\/selariarosario.com.br\/atacado\/wp-json\/wp\/v2\/product_cat?post=2316"},{"taxonomy":"product_tag","embeddable":true,"href":"https:\/\/selariarosario.com.br\/atacado\/wp-json\/wp\/v2\/product_tag?post=2316"}],"curies":[{"name":"wp","href":"https:\/\/api.w.org\/{rel}","templated":true}]}}