{"id":2321,"date":"2024-01-18T12:08:17","date_gmt":"2024-01-18T15:08:17","guid":{"rendered":"https:\/\/selariarosario.com.br\/atacado\/?post_type=product&#038;p=2321"},"modified":"2024-01-18T12:09:13","modified_gmt":"2024-01-18T15:09:13","slug":"cutiano-tradicional-marrom","status":"publish","type":"product","link":"https:\/\/selariarosario.com.br\/atacado\/produto\/cutiano-tradicional-marrom\/","title":{"rendered":"Cutiano Tradicional marrom"},"content":{"rendered":"<h4>Cutiano Tradicional marrom: seguran\u00e7a e resist\u00eancia<\/h4>\n<p>O Cutiano Tradicional marrom\u00a0 \u00e9 uma op\u00e7\u00e3o de arreio muito popular para quem trabalha no campo e precisa eventualmente de um equipamento resistente. Esse tipo de arreio \u00e9 muito vers\u00e1til, pois permite uma s\u00e9rie de regulagens para se adequar a tanto a diferentes tamanhos e formatos de cavalos como diferentes tipos de trabalho. Com isso, o Arreio Cutiano \u00e9 muito popular entre os cavaleiros e vaqueiros que trabalham tanto com cavalos de sela e animais de tra\u00e7\u00e3o. Cutiano Com Cabe\u00e7a: seguran\u00e7a e resist\u00eancia<\/p>\n<p>Um dos principais benef\u00edcios do Arreio Cutiano \u00e9 a sua estrutura robusta, que garante seguran\u00e7a e estabilidade para o cavaleiro durante as atividades di\u00e1rias. O assento seco, com costuras em couro cru oferece conforto ao cavaleiro durante longas jornadas de trabalho. Da mesma forma, os suadores em camur\u00e7a ajudam a evitar pisaduras e movimentos indesejados da montaria.<\/p>\n<p>As ferragens em metal niquelado tamb\u00e9m s\u00e3o uma vantagem, pois s\u00e3o resistentes \u00e0 corros\u00e3o e dur\u00e1veis. As meias argolas na dianteira e traseira do arreio permitem a fixa\u00e7\u00e3o de acess\u00f3rios importantes, assim como o peitoral e a capoteira, essenciais para garantir a seguran\u00e7a do cavaleiro e do animal durante as atividades.<\/p>\n<h4>Versatilidade no campo<\/h4>\n<p>Al\u00e9m disso, a facilidade de regulagem do Cutiano Tradicional marrom \u00e9 uma grande vantagem, pois permite que o equipamento seja ajustado de acordo com as necessidades de cada cavalo e de cada tarefa a ser realizada. Isso \u00e9 importante para quem trabalha com diferentes tipo de montaria, pois cada animal tem suas pr\u00f3prias caracter\u00edsticas e necessidades espec\u00edficas.<\/p>\n<p>No geral, o Arreio Cutiano Tradicional \u00e9 uma excelente op\u00e7\u00e3o para quem busca um equipamento dur\u00e1vel, confort\u00e1vel e vers\u00e1til para o trabalho di\u00e1rio no campo. Com suas regulagens precisas, esse arreio pode ser usado em diferentes ra\u00e7as de montaria e \u00e9 uma escolha popular entre vaqueiros e cavaleiros experientes. Cutiano Tradicional: vers\u00e1til e resistente.<\/p>\n<p>Acompanhamento do produto:<\/p>\n<p>2 prs de l\u00e1tegos e contral\u00e1tegos<br \/>\n1 pr de estribos de alum\u00ednio com couro<br \/>\n1\u00a0 pr\u00a0 barrigueira\u00a0 + cilha de l\u00e3 com inox<br \/>\nFerragens: metal niquelado<\/p>\n<p>Tamanho : 16 polegadas<br \/>\nPeso aproximado: 12 kg<\/p>\n","protected":false},"excerpt":{"rendered":"<p>Cutiano Tradicional marrom\u00a0 \u00e9 uma op\u00e7\u00e3o de arreio muito popular para quem trabalha no campo e precisa eventualmente de um equipamento resistente. Esse tipo de arreio \u00e9 muito vers\u00e1til, pois permite uma s\u00e9rie de regulagens para se adequar a tanto a diferentes tamanhos e formatos de cavalos como diferentes tipos de trabalho. Com isso, o Arreio Cutiano \u00e9 muito popular entre os cavaleiros e vaqueiros que trabalham tanto com cavalos de sela e animais de tra\u00e7\u00e3o. Cutiano Com Cabe\u00e7a: seguran\u00e7a e resist\u00eancia<\/p>\n<p>Um dos principais benef\u00edcios do Arreio Cutiano \u00e9 a sua estrutura robusta, que garante seguran\u00e7a e estabilidade para o cavaleiro durante as atividades di\u00e1rias. O assento seco, com costuras em couro cru oferece conforto ao cavaleiro durante longas jornadas de trabalho. Da mesma forma, os suadores em camur\u00e7a ajudam a evitar pisaduras e movimentos indesejados da montaria.<\/p>\n<p>As ferragens em metal niquelado tamb\u00e9m s\u00e3o uma vantagem, pois s\u00e3o resistentes \u00e0 corros\u00e3o e dur\u00e1veis. As meias argolas na dianteira e traseira do arreio permitem a fixa\u00e7\u00e3o de acess\u00f3rios importantes, assim como o peitoral e a capoteira, essenciais para garantir a seguran\u00e7a do cavaleiro e do animal durante as atividades.<\/p>\n","protected":false},"featured_media":2406,"template":"","meta":[],"product_cat":[21,22,17],"product_tag":[],"yoast_head":"<!-- This site is optimized with the Yoast SEO plugin v16.7 - https:\/\/yoast.com\/wordpress\/plugins\/seo\/ -->\n<title>Cutiano Tradicional marrom<\/title>\n<meta name=\"description\" content=\"Cutiano Tradicional marrom \u00e9 uma excelente op\u00e7\u00e3o para quem busca um equipamento dur\u00e1vel, confort\u00e1vel e vers\u00e1til para o trabalho di\u00e1rio no campo.\" \/>\n<meta name=\"robots\" content=\"index, follow, max-snippet:-1, max-image-preview:large, max-video-preview:-1\" \/>\n<link rel=\"canonical\" href=\"https:\/\/selariarosario.com.br\/atacado\/produto\/cutiano-tradicional-marrom\/\" \/>\n<meta property=\"og:locale\" content=\"pt_BR\" \/>\n<meta property=\"og:type\" content=\"article\" \/>\n<meta property=\"og:title\" content=\"Cutiano Tradicional marrom\" \/>\n<meta property=\"og:description\" content=\"Cutiano Tradicional marrom \u00e9 uma excelente op\u00e7\u00e3o para quem busca um equipamento dur\u00e1vel, confort\u00e1vel e vers\u00e1til para o trabalho di\u00e1rio no campo.\" \/>\n<meta property=\"og:url\" content=\"https:\/\/selariarosario.com.br\/atacado\/produto\/cutiano-tradicional-marrom\/\" \/>\n<meta property=\"og:site_name\" content=\"Selaria Rosario\" \/>\n<meta property=\"article:modified_time\" content=\"2024-01-18T15:09:13+00:00\" \/>\n<meta name=\"twitter:card\" content=\"summary_large_image\" \/>\n<meta name=\"twitter:label1\" content=\"Est. tempo de leitura\" \/>\n\t<meta name=\"twitter:data1\" content=\"2 minutos\" \/>\n<script type=\"application\/ld+json\" class=\"yoast-schema-graph\">{\"@context\":\"https:\/\/schema.org\",\"@graph\":[{\"@type\":\"WebSite\",\"@id\":\"https:\/\/selariarosario.com.br\/atacado\/#website\",\"url\":\"https:\/\/selariarosario.com.br\/atacado\/\",\"name\":\"Selaria Rosario\",\"description\":\"\",\"potentialAction\":[{\"@type\":\"SearchAction\",\"target\":{\"@type\":\"EntryPoint\",\"urlTemplate\":\"https:\/\/selariarosario.com.br\/atacado\/?s={search_term_string}\"},\"query-input\":\"required name=search_term_string\"}],\"inLanguage\":\"pt-BR\"},{\"@type\":\"ImageObject\",\"@id\":\"https:\/\/selariarosario.com.br\/atacado\/produto\/cutiano-tradicional-marrom\/#primaryimage\",\"inLanguage\":\"pt-BR\",\"url\":\"https:\/\/selariarosario.com.br\/atacado\/wp-content\/uploads\/2024\/01\/cutiano-2.jpg\",\"contentUrl\":\"https:\/\/selariarosario.com.br\/atacado\/wp-content\/uploads\/2024\/01\/cutiano-2.jpg\",\"width\":1200,\"height\":1200},{\"@type\":\"WebPage\",\"@id\":\"https:\/\/selariarosario.com.br\/atacado\/produto\/cutiano-tradicional-marrom\/#webpage\",\"url\":\"https:\/\/selariarosario.com.br\/atacado\/produto\/cutiano-tradicional-marrom\/\",\"name\":\"Cutiano Tradicional marrom\",\"isPartOf\":{\"@id\":\"https:\/\/selariarosario.com.br\/atacado\/#website\"},\"primaryImageOfPage\":{\"@id\":\"https:\/\/selariarosario.com.br\/atacado\/produto\/cutiano-tradicional-marrom\/#primaryimage\"},\"datePublished\":\"2024-01-18T15:08:17+00:00\",\"dateModified\":\"2024-01-18T15:09:13+00:00\",\"description\":\"Cutiano Tradicional marrom \\u00e9 uma excelente op\\u00e7\\u00e3o para quem busca um equipamento dur\\u00e1vel, confort\\u00e1vel e vers\\u00e1til para o trabalho di\\u00e1rio no campo.\",\"breadcrumb\":{\"@id\":\"https:\/\/selariarosario.com.br\/atacado\/produto\/cutiano-tradicional-marrom\/#breadcrumb\"},\"inLanguage\":\"pt-BR\",\"potentialAction\":[{\"@type\":\"ReadAction\",\"target\":[\"https:\/\/selariarosario.com.br\/atacado\/produto\/cutiano-tradicional-marrom\/\"]}]},{\"@type\":\"BreadcrumbList\",\"@id\":\"https:\/\/selariarosario.com.br\/atacado\/produto\/cutiano-tradicional-marrom\/#breadcrumb\",\"itemListElement\":[{\"@type\":\"ListItem\",\"position\":1,\"name\":\"In\\u00edcio\",\"item\":\"https:\/\/selariarosario.com.br\/atacado\/\"},{\"@type\":\"ListItem\",\"position\":2,\"name\":\"Produtos\",\"item\":\"https:\/\/selariarosario.com.br\/atacado\/produtos\/\"},{\"@type\":\"ListItem\",\"position\":3,\"name\":\"Cutiano Tradicional marrom\"}]}]}<\/script>\n<!-- \/ Yoast SEO plugin. -->","yoast_head_json":{"title":"Cutiano Tradicional marrom","description":"Cutiano Tradicional marrom \u00e9 uma excelente op\u00e7\u00e3o para quem busca um equipamento dur\u00e1vel, confort\u00e1vel e vers\u00e1til para o trabalho di\u00e1rio no campo.","robots":{"index":"index","follow":"follow","max-snippet":"max-snippet:-1","max-image-preview":"max-image-preview:large","max-video-preview":"max-video-preview:-1"},"canonical":"https:\/\/selariarosario.com.br\/atacado\/produto\/cutiano-tradicional-marrom\/","og_locale":"pt_BR","og_type":"article","og_title":"Cutiano Tradicional marrom","og_description":"Cutiano Tradicional marrom \u00e9 uma excelente op\u00e7\u00e3o para quem busca um equipamento dur\u00e1vel, confort\u00e1vel e vers\u00e1til para o trabalho di\u00e1rio no campo.","og_url":"https:\/\/selariarosario.com.br\/atacado\/produto\/cutiano-tradicional-marrom\/","og_site_name":"Selaria Rosario","article_modified_time":"2024-01-18T15:09:13+00:00","twitter_card":"summary_large_image","twitter_misc":{"Est. tempo de leitura":"2 minutos"},"schema":{"@context":"https:\/\/schema.org","@graph":[{"@type":"WebSite","@id":"https:\/\/selariarosario.com.br\/atacado\/#website","url":"https:\/\/selariarosario.com.br\/atacado\/","name":"Selaria Rosario","description":"","potentialAction":[{"@type":"SearchAction","target":{"@type":"EntryPoint","urlTemplate":"https:\/\/selariarosario.com.br\/atacado\/?s={search_term_string}"},"query-input":"required name=search_term_string"}],"inLanguage":"pt-BR"},{"@type":"ImageObject","@id":"https:\/\/selariarosario.com.br\/atacado\/produto\/cutiano-tradicional-marrom\/#primaryimage","inLanguage":"pt-BR","url":"https:\/\/selariarosario.com.br\/atacado\/wp-content\/uploads\/2024\/01\/cutiano-2.jpg","contentUrl":"https:\/\/selariarosario.com.br\/atacado\/wp-content\/uploads\/2024\/01\/cutiano-2.jpg","width":1200,"height":1200},{"@type":"WebPage","@id":"https:\/\/selariarosario.com.br\/atacado\/produto\/cutiano-tradicional-marrom\/#webpage","url":"https:\/\/selariarosario.com.br\/atacado\/produto\/cutiano-tradicional-marrom\/","name":"Cutiano Tradicional marrom","isPartOf":{"@id":"https:\/\/selariarosario.com.br\/atacado\/#website"},"primaryImageOfPage":{"@id":"https:\/\/selariarosario.com.br\/atacado\/produto\/cutiano-tradicional-marrom\/#primaryimage"},"datePublished":"2024-01-18T15:08:17+00:00","dateModified":"2024-01-18T15:09:13+00:00","description":"Cutiano Tradicional marrom \u00e9 uma excelente op\u00e7\u00e3o para quem busca um equipamento dur\u00e1vel, confort\u00e1vel e vers\u00e1til para o trabalho di\u00e1rio no campo.","breadcrumb":{"@id":"https:\/\/selariarosario.com.br\/atacado\/produto\/cutiano-tradicional-marrom\/#breadcrumb"},"inLanguage":"pt-BR","potentialAction":[{"@type":"ReadAction","target":["https:\/\/selariarosario.com.br\/atacado\/produto\/cutiano-tradicional-marrom\/"]}]},{"@type":"BreadcrumbList","@id":"https:\/\/selariarosario.com.br\/atacado\/produto\/cutiano-tradicional-marrom\/#breadcrumb","itemListElement":[{"@type":"ListItem","position":1,"name":"In\u00edcio","item":"https:\/\/selariarosario.com.br\/atacado\/"},{"@type":"ListItem","position":2,"name":"Produtos","item":"https:\/\/selariarosario.com.br\/atacado\/produtos\/"},{"@type":"ListItem","position":3,"name":"Cutiano Tradicional marrom"}]}]}},"_links":{"self":[{"href":"https:\/\/selariarosario.com.br\/atacado\/wp-json\/wp\/v2\/product\/2321"}],"collection":[{"href":"https:\/\/selariarosario.com.br\/atacado\/wp-json\/wp\/v2\/product"}],"about":[{"href":"https:\/\/selariarosario.com.br\/atacado\/wp-json\/wp\/v2\/types\/product"}],"wp:featuredmedia":[{"embeddable":true,"href":"https:\/\/selariarosario.com.br\/atacado\/wp-json\/wp\/v2\/media\/2406"}],"wp:attachment":[{"href":"https:\/\/selariarosario.com.br\/atacado\/wp-json\/wp\/v2\/media?parent=2321"}],"wp:term":[{"taxonomy":"product_cat","embeddable":true,"href":"https:\/\/selariarosario.com.br\/atacado\/wp-json\/wp\/v2\/product_cat?post=2321"},{"taxonomy":"product_tag","embeddable":true,"href":"https:\/\/selariarosario.com.br\/atacado\/wp-json\/wp\/v2\/product_tag?post=2321"}],"curies":[{"name":"wp","href":"https:\/\/api.w.org\/{rel}","templated":true}]}}