{"id":2410,"date":"2024-03-05T10:01:16","date_gmt":"2024-03-05T13:01:16","guid":{"rendered":"https:\/\/selariarosario.com.br\/atacado\/?post_type=product&#038;p=2410"},"modified":"2024-03-05T10:01:16","modified_gmt":"2024-03-05T13:01:16","slug":"sela-australiana-no2-cafe-inox","status":"publish","type":"product","link":"https:\/\/selariarosario.com.br\/atacado\/produto\/sela-australiana-no2-cafe-inox\/","title":{"rendered":"Sela Australiana N\u00ba2 CAF\u00c9 INOX"},"content":{"rendered":"<p>Sela Australiana ARCO REBAIXADA N\u00ba2 SR \u00e9 um dos modelos mais usado para a lida no campo. Embora pare\u00e7a com a sela Inglesa, esse modelo tem a patilha mais alta, \u00e9 maior, mais robusto e seu assento \u00e9 mais profundo. Com isso, proporciona um encaixe firme para que o pe\u00e3o possa cavalgar por terrenos acidentados, como morros e trilhas de gato, cercar os animais e realizar manobras bruscas. Caso caia ou precise picar mula, como a cabe\u00e7a \u00e9 baixa, ele n\u00e3o fica preso. A estrutura da Sela Australiana\u00a0 N\u00ba2 \u00e9 em arma\u00e7\u00e3o de madeira enervada em couro cru e em seguida revestida com leg\u00edtimo couro de b\u00fafalo tratado e oleado que garante a durabilidade e\u00a0 robustez necess\u00e1rias para enfrentar as demandas no campo e na estrada. Por isso \u00e9 bastante resistente<\/p>\n<p>PODE SER USADA EM QUALQUER RA\u00c7A, pois possui regulagens em seu arreamento.<\/p>\n<p>Composi\u00e7\u00e3o da Sela Australiana ARCO REBAIXADA N\u00ba2 SR conforme abaixo:<\/p>\n<p>&#8211; Arma\u00e7\u00e3o 18 polegadas\u00a0 em madeira enervada tratada e logo enervada em couro cru;<br \/>\n-Couro leg\u00edtimo, tratado e oleado. Pintado artesanalmente com tinta industrial, logo, encerado (N\u00c3O SOLTA TINTA);<br \/>\n&#8211; Ferragens em INOX<br \/>\n&#8211; Assento com interior em espuma de alta densidade D60 revestido em couro vaqueta;<br \/>\n&#8211; Costuras artesanais e industriais;<br \/>\n&#8211; Suadores de feltro;<br \/>\n&#8211; Arreamento em couro de b\u00fafalo.<br \/>\n&#8211; Argolas dianteiras para fixa\u00e7\u00e3o de peitoral;<\/p>\n<p>Itens que acompanham sua Sela Australiana conforme abaixo :<br \/>\n&#8211; 1 Par de Loro\u00a0 em couro leg\u00edtimo;<br \/>\n&#8211;\u00a0 Estribos de alum\u00ednio com couro leg\u00edtimo;<br \/>\n&#8211; 1 Par de Contral\u00e1tegos e\u00a0 tamb\u00e9m um par de l\u00e1tegos(apertadeiras) em couro leg\u00edtimo;<br \/>\n&#8211; Conjunto de barrigueira e cilha de l\u00e3<br \/>\n&#8211; Uma\u00a0 Cabe\u00e7ada em couro leg\u00edtimo com regulagem e tamb\u00e9m uma r\u00e9dea de Polipropileno<\/p>\n<p>Op\u00e7\u00f5es de cores conforme abaixo:<\/p>\n<p>preta ,natural, rosa, caf\u00e9, vinho, havana<\/p>\n<p>Peso aproximado: 10 kgs<\/p>\n","protected":false},"excerpt":{"rendered":"<p>Sela Australiana ARCO REBAIXADA N\u00ba2 SR \u00e9 um dos modelos mais usado para a lida no campo. Embora pare\u00e7a com a sela Inglesa, esse modelo tem a patilha mais alta, \u00e9 maior, mais robusto e seu assento \u00e9 mais profundo. Com isso, proporciona um encaixe firme para que o pe\u00e3o possa cavalgar por terrenos acidentados, [&hellip;]<\/p>\n","protected":false},"featured_media":2411,"template":"","meta":[],"product_cat":[26,27,17],"product_tag":[],"yoast_head":"<!-- This site is optimized with the Yoast SEO plugin v16.7 - https:\/\/yoast.com\/wordpress\/plugins\/seo\/ -->\n<title>Sela Australiana N\u00ba2 CAF\u00c9 INOX - Selaria Rosario<\/title>\n<meta name=\"robots\" content=\"index, follow, max-snippet:-1, max-image-preview:large, max-video-preview:-1\" \/>\n<link rel=\"canonical\" href=\"https:\/\/selariarosario.com.br\/atacado\/produto\/sela-australiana-no2-cafe-inox\/\" \/>\n<meta property=\"og:locale\" content=\"pt_BR\" \/>\n<meta property=\"og:type\" content=\"article\" \/>\n<meta property=\"og:title\" content=\"Sela Australiana N\u00ba2 CAF\u00c9 INOX - Selaria Rosario\" \/>\n<meta property=\"og:description\" content=\"Sela Australiana ARCO REBAIXADA N\u00ba2 SR \u00e9 um dos modelos mais usado para a lida no campo. Embora pare\u00e7a com a sela Inglesa, esse modelo tem a patilha mais alta, \u00e9 maior, mais robusto e seu assento \u00e9 mais profundo. Com isso, proporciona um encaixe firme para que o pe\u00e3o possa cavalgar por terrenos acidentados, [&hellip;]\" \/>\n<meta property=\"og:url\" content=\"https:\/\/selariarosario.com.br\/atacado\/produto\/sela-australiana-no2-cafe-inox\/\" \/>\n<meta property=\"og:site_name\" content=\"Selaria Rosario\" \/>\n<meta property=\"og:image\" content=\"https:\/\/selariarosario.com.br\/atacado\/wp-content\/uploads\/2024\/03\/SELA-AUSTRALIANA-No2-CAFE-REBAIXADA-INOX-4.jpg\" \/>\n\t<meta property=\"og:image:width\" content=\"1200\" \/>\n\t<meta property=\"og:image:height\" content=\"1200\" \/>\n<meta name=\"twitter:card\" content=\"summary_large_image\" \/>\n<meta name=\"twitter:label1\" content=\"Est. tempo de leitura\" \/>\n\t<meta name=\"twitter:data1\" content=\"2 minutos\" \/>\n<script type=\"application\/ld+json\" class=\"yoast-schema-graph\">{\"@context\":\"https:\/\/schema.org\",\"@graph\":[{\"@type\":\"WebSite\",\"@id\":\"https:\/\/selariarosario.com.br\/atacado\/#website\",\"url\":\"https:\/\/selariarosario.com.br\/atacado\/\",\"name\":\"Selaria Rosario\",\"description\":\"\",\"potentialAction\":[{\"@type\":\"SearchAction\",\"target\":{\"@type\":\"EntryPoint\",\"urlTemplate\":\"https:\/\/selariarosario.com.br\/atacado\/?s={search_term_string}\"},\"query-input\":\"required name=search_term_string\"}],\"inLanguage\":\"pt-BR\"},{\"@type\":\"ImageObject\",\"@id\":\"https:\/\/selariarosario.com.br\/atacado\/produto\/sela-australiana-no2-cafe-inox\/#primaryimage\",\"inLanguage\":\"pt-BR\",\"url\":\"https:\/\/selariarosario.com.br\/atacado\/wp-content\/uploads\/2024\/03\/SELA-AUSTRALIANA-No2-CAFE-REBAIXADA-INOX-4.jpg\",\"contentUrl\":\"https:\/\/selariarosario.com.br\/atacado\/wp-content\/uploads\/2024\/03\/SELA-AUSTRALIANA-No2-CAFE-REBAIXADA-INOX-4.jpg\",\"width\":1200,\"height\":1200},{\"@type\":\"WebPage\",\"@id\":\"https:\/\/selariarosario.com.br\/atacado\/produto\/sela-australiana-no2-cafe-inox\/#webpage\",\"url\":\"https:\/\/selariarosario.com.br\/atacado\/produto\/sela-australiana-no2-cafe-inox\/\",\"name\":\"Sela Australiana N\\u00ba2 CAF\\u00c9 INOX - Selaria Rosario\",\"isPartOf\":{\"@id\":\"https:\/\/selariarosario.com.br\/atacado\/#website\"},\"primaryImageOfPage\":{\"@id\":\"https:\/\/selariarosario.com.br\/atacado\/produto\/sela-australiana-no2-cafe-inox\/#primaryimage\"},\"datePublished\":\"2024-03-05T13:01:16+00:00\",\"dateModified\":\"2024-03-05T13:01:16+00:00\",\"breadcrumb\":{\"@id\":\"https:\/\/selariarosario.com.br\/atacado\/produto\/sela-australiana-no2-cafe-inox\/#breadcrumb\"},\"inLanguage\":\"pt-BR\",\"potentialAction\":[{\"@type\":\"ReadAction\",\"target\":[\"https:\/\/selariarosario.com.br\/atacado\/produto\/sela-australiana-no2-cafe-inox\/\"]}]},{\"@type\":\"BreadcrumbList\",\"@id\":\"https:\/\/selariarosario.com.br\/atacado\/produto\/sela-australiana-no2-cafe-inox\/#breadcrumb\",\"itemListElement\":[{\"@type\":\"ListItem\",\"position\":1,\"name\":\"In\\u00edcio\",\"item\":\"https:\/\/selariarosario.com.br\/atacado\/\"},{\"@type\":\"ListItem\",\"position\":2,\"name\":\"Produtos\",\"item\":\"https:\/\/selariarosario.com.br\/atacado\/produtos\/\"},{\"@type\":\"ListItem\",\"position\":3,\"name\":\"Sela Australiana N\\u00ba2 CAF\\u00c9 INOX\"}]}]}<\/script>\n<!-- \/ Yoast SEO plugin. -->","yoast_head_json":{"title":"Sela Australiana N\u00ba2 CAF\u00c9 INOX - Selaria Rosario","robots":{"index":"index","follow":"follow","max-snippet":"max-snippet:-1","max-image-preview":"max-image-preview:large","max-video-preview":"max-video-preview:-1"},"canonical":"https:\/\/selariarosario.com.br\/atacado\/produto\/sela-australiana-no2-cafe-inox\/","og_locale":"pt_BR","og_type":"article","og_title":"Sela Australiana N\u00ba2 CAF\u00c9 INOX - Selaria Rosario","og_description":"Sela Australiana ARCO REBAIXADA N\u00ba2 SR \u00e9 um dos modelos mais usado para a lida no campo. Embora pare\u00e7a com a sela Inglesa, esse modelo tem a patilha mais alta, \u00e9 maior, mais robusto e seu assento \u00e9 mais profundo. Com isso, proporciona um encaixe firme para que o pe\u00e3o possa cavalgar por terrenos acidentados, [&hellip;]","og_url":"https:\/\/selariarosario.com.br\/atacado\/produto\/sela-australiana-no2-cafe-inox\/","og_site_name":"Selaria Rosario","og_image":[{"width":1200,"height":1200,"url":"https:\/\/selariarosario.com.br\/atacado\/wp-content\/uploads\/2024\/03\/SELA-AUSTRALIANA-No2-CAFE-REBAIXADA-INOX-4.jpg","path":"\/home\/rosariosvamp19\/public_html\/atacado\/wp-content\/uploads\/2024\/03\/SELA-AUSTRALIANA-No2-CAFE-REBAIXADA-INOX-4.jpg","size":"full","id":2411,"alt":"","pixels":1440000,"type":"image\/jpeg"}],"twitter_card":"summary_large_image","twitter_misc":{"Est. tempo de leitura":"2 minutos"},"schema":{"@context":"https:\/\/schema.org","@graph":[{"@type":"WebSite","@id":"https:\/\/selariarosario.com.br\/atacado\/#website","url":"https:\/\/selariarosario.com.br\/atacado\/","name":"Selaria Rosario","description":"","potentialAction":[{"@type":"SearchAction","target":{"@type":"EntryPoint","urlTemplate":"https:\/\/selariarosario.com.br\/atacado\/?s={search_term_string}"},"query-input":"required name=search_term_string"}],"inLanguage":"pt-BR"},{"@type":"ImageObject","@id":"https:\/\/selariarosario.com.br\/atacado\/produto\/sela-australiana-no2-cafe-inox\/#primaryimage","inLanguage":"pt-BR","url":"https:\/\/selariarosario.com.br\/atacado\/wp-content\/uploads\/2024\/03\/SELA-AUSTRALIANA-No2-CAFE-REBAIXADA-INOX-4.jpg","contentUrl":"https:\/\/selariarosario.com.br\/atacado\/wp-content\/uploads\/2024\/03\/SELA-AUSTRALIANA-No2-CAFE-REBAIXADA-INOX-4.jpg","width":1200,"height":1200},{"@type":"WebPage","@id":"https:\/\/selariarosario.com.br\/atacado\/produto\/sela-australiana-no2-cafe-inox\/#webpage","url":"https:\/\/selariarosario.com.br\/atacado\/produto\/sela-australiana-no2-cafe-inox\/","name":"Sela Australiana N\u00ba2 CAF\u00c9 INOX - Selaria Rosario","isPartOf":{"@id":"https:\/\/selariarosario.com.br\/atacado\/#website"},"primaryImageOfPage":{"@id":"https:\/\/selariarosario.com.br\/atacado\/produto\/sela-australiana-no2-cafe-inox\/#primaryimage"},"datePublished":"2024-03-05T13:01:16+00:00","dateModified":"2024-03-05T13:01:16+00:00","breadcrumb":{"@id":"https:\/\/selariarosario.com.br\/atacado\/produto\/sela-australiana-no2-cafe-inox\/#breadcrumb"},"inLanguage":"pt-BR","potentialAction":[{"@type":"ReadAction","target":["https:\/\/selariarosario.com.br\/atacado\/produto\/sela-australiana-no2-cafe-inox\/"]}]},{"@type":"BreadcrumbList","@id":"https:\/\/selariarosario.com.br\/atacado\/produto\/sela-australiana-no2-cafe-inox\/#breadcrumb","itemListElement":[{"@type":"ListItem","position":1,"name":"In\u00edcio","item":"https:\/\/selariarosario.com.br\/atacado\/"},{"@type":"ListItem","position":2,"name":"Produtos","item":"https:\/\/selariarosario.com.br\/atacado\/produtos\/"},{"@type":"ListItem","position":3,"name":"Sela Australiana N\u00ba2 CAF\u00c9 INOX"}]}]}},"_links":{"self":[{"href":"https:\/\/selariarosario.com.br\/atacado\/wp-json\/wp\/v2\/product\/2410"}],"collection":[{"href":"https:\/\/selariarosario.com.br\/atacado\/wp-json\/wp\/v2\/product"}],"about":[{"href":"https:\/\/selariarosario.com.br\/atacado\/wp-json\/wp\/v2\/types\/product"}],"wp:featuredmedia":[{"embeddable":true,"href":"https:\/\/selariarosario.com.br\/atacado\/wp-json\/wp\/v2\/media\/2411"}],"wp:attachment":[{"href":"https:\/\/selariarosario.com.br\/atacado\/wp-json\/wp\/v2\/media?parent=2410"}],"wp:term":[{"taxonomy":"product_cat","embeddable":true,"href":"https:\/\/selariarosario.com.br\/atacado\/wp-json\/wp\/v2\/product_cat?post=2410"},{"taxonomy":"product_tag","embeddable":true,"href":"https:\/\/selariarosario.com.br\/atacado\/wp-json\/wp\/v2\/product_tag?post=2410"}],"curies":[{"name":"wp","href":"https:\/\/api.w.org\/{rel}","templated":true}]}}