{"id":2415,"date":"2024-03-05T10:41:54","date_gmt":"2024-03-05T13:41:54","guid":{"rendered":"https:\/\/selariarosario.com.br\/atacado\/?post_type=product&#038;p=2415"},"modified":"2024-03-05T10:41:54","modified_gmt":"2024-03-05T13:41:54","slug":"arreio-rosario-bolso-e-paralamas-inox-sr","status":"publish","type":"product","link":"https:\/\/selariarosario.com.br\/atacado\/produto\/arreio-rosario-bolso-e-paralamas-inox-sr\/","title":{"rendered":"Arreio Ros\u00e1rio bolso e paralamas INOX SR"},"content":{"rendered":"<h3>Parceiro de confian\u00e7a nas suas viagens<\/h3>\n<p>Durante viagens longas ao lado da sua comitiva, o Arreio Ros\u00e1rio INOX ser\u00e1 o seu parceiro confi\u00e1vel e resistente. Por isso \u00e9\u00a0 para suportar condi\u00e7\u00f5es rigorosas, ele garantir\u00e1 o m\u00e1ximo de conforto tanto para voc\u00ea quanto para o seu animal durante toda a jornada.<\/p>\n<p>Seu couro tratado de alta qualidade oferece excepcional durabilidade, resistindo ao desgaste di\u00e1rio e \u00e0s condi\u00e7\u00f5es externas.<\/p>\n<p>O assento SECO ser\u00e1 um ref\u00fagio de conforto para voc\u00ea que proporciona uma experi\u00eancia agrad\u00e1vel durante toda a viagem. Seu design ergon\u00f4mico e ajuste perfeito ao lombo do animal garantem portanto, estabilidade e equil\u00edbrio, permitindo que voc\u00ea se sinta seguro e confiante durante o trajeto.<\/p>\n<p>O Arreio Ros\u00e1rio INOX tamb\u00e9m \u00e9 pr\u00e1tico em termos de manuten\u00e7\u00e3o. Com suadores de jeans com enchimento de capim mumbeca, ele absorve o suor e facilita a limpeza, mantendo-o fresco e higi\u00eanico mesmo em dias consecutivos de uso. Al\u00e9m disso, as ferragens em inox s\u00e3o resistentes \u00e0 corros\u00e3o, garantindo dessa forma, a longevidade e funcionalidade do arreio mesmo em condi\u00e7\u00f5es clim\u00e1ticas adversas.<\/p>\n<p>&nbsp;<\/p>\n<p>&nbsp;<\/p>\n","protected":false},"excerpt":{"rendered":"<p>Parceiro de confian\u00e7a nas suas viagens Durante viagens longas ao lado da sua comitiva, o Arreio Ros\u00e1rio INOX ser\u00e1 o seu parceiro confi\u00e1vel e resistente. Por isso \u00e9\u00a0 para suportar condi\u00e7\u00f5es rigorosas, ele garantir\u00e1 o m\u00e1ximo de conforto tanto para voc\u00ea quanto para o seu animal durante toda a jornada. Seu couro tratado de alta [&hellip;]<\/p>\n","protected":false},"featured_media":2416,"template":"","meta":[],"product_cat":[23,18,17],"product_tag":[],"yoast_head":"<!-- This site is optimized with the Yoast SEO plugin v16.7 - https:\/\/yoast.com\/wordpress\/plugins\/seo\/ -->\n<title>Arreio Ros\u00e1rio bolso e paralamas INOX SR - Selaria Rosario<\/title>\n<meta name=\"robots\" content=\"index, follow, max-snippet:-1, max-image-preview:large, max-video-preview:-1\" \/>\n<link rel=\"canonical\" href=\"https:\/\/selariarosario.com.br\/atacado\/produto\/arreio-rosario-bolso-e-paralamas-inox-sr\/\" \/>\n<meta property=\"og:locale\" content=\"pt_BR\" \/>\n<meta property=\"og:type\" content=\"article\" \/>\n<meta property=\"og:title\" content=\"Arreio Ros\u00e1rio bolso e paralamas INOX SR - Selaria Rosario\" \/>\n<meta property=\"og:description\" content=\"Parceiro de confian\u00e7a nas suas viagens Durante viagens longas ao lado da sua comitiva, o Arreio Ros\u00e1rio INOX ser\u00e1 o seu parceiro confi\u00e1vel e resistente. Por isso \u00e9\u00a0 para suportar condi\u00e7\u00f5es rigorosas, ele garantir\u00e1 o m\u00e1ximo de conforto tanto para voc\u00ea quanto para o seu animal durante toda a jornada. Seu couro tratado de alta [&hellip;]\" \/>\n<meta property=\"og:url\" content=\"https:\/\/selariarosario.com.br\/atacado\/produto\/arreio-rosario-bolso-e-paralamas-inox-sr\/\" \/>\n<meta property=\"og:site_name\" content=\"Selaria Rosario\" \/>\n<meta property=\"og:image\" content=\"https:\/\/selariarosario.com.br\/atacado\/wp-content\/uploads\/2024\/03\/SOCADO-ROSARIO-INOX-C-PARALAMAS-E-BOLSO-1.jpg\" \/>\n\t<meta property=\"og:image:width\" content=\"1200\" \/>\n\t<meta property=\"og:image:height\" content=\"1200\" \/>\n<meta name=\"twitter:card\" content=\"summary_large_image\" \/>\n<meta name=\"twitter:label1\" content=\"Est. tempo de leitura\" \/>\n\t<meta name=\"twitter:data1\" content=\"1 minuto\" \/>\n<script type=\"application\/ld+json\" class=\"yoast-schema-graph\">{\"@context\":\"https:\/\/schema.org\",\"@graph\":[{\"@type\":\"WebSite\",\"@id\":\"https:\/\/selariarosario.com.br\/atacado\/#website\",\"url\":\"https:\/\/selariarosario.com.br\/atacado\/\",\"name\":\"Selaria Rosario\",\"description\":\"\",\"potentialAction\":[{\"@type\":\"SearchAction\",\"target\":{\"@type\":\"EntryPoint\",\"urlTemplate\":\"https:\/\/selariarosario.com.br\/atacado\/?s={search_term_string}\"},\"query-input\":\"required name=search_term_string\"}],\"inLanguage\":\"pt-BR\"},{\"@type\":\"ImageObject\",\"@id\":\"https:\/\/selariarosario.com.br\/atacado\/produto\/arreio-rosario-bolso-e-paralamas-inox-sr\/#primaryimage\",\"inLanguage\":\"pt-BR\",\"url\":\"https:\/\/selariarosario.com.br\/atacado\/wp-content\/uploads\/2024\/03\/SOCADO-ROSARIO-INOX-C-PARALAMAS-E-BOLSO-1.jpg\",\"contentUrl\":\"https:\/\/selariarosario.com.br\/atacado\/wp-content\/uploads\/2024\/03\/SOCADO-ROSARIO-INOX-C-PARALAMAS-E-BOLSO-1.jpg\",\"width\":1200,\"height\":1200},{\"@type\":\"WebPage\",\"@id\":\"https:\/\/selariarosario.com.br\/atacado\/produto\/arreio-rosario-bolso-e-paralamas-inox-sr\/#webpage\",\"url\":\"https:\/\/selariarosario.com.br\/atacado\/produto\/arreio-rosario-bolso-e-paralamas-inox-sr\/\",\"name\":\"Arreio Ros\\u00e1rio bolso e paralamas INOX SR - Selaria Rosario\",\"isPartOf\":{\"@id\":\"https:\/\/selariarosario.com.br\/atacado\/#website\"},\"primaryImageOfPage\":{\"@id\":\"https:\/\/selariarosario.com.br\/atacado\/produto\/arreio-rosario-bolso-e-paralamas-inox-sr\/#primaryimage\"},\"datePublished\":\"2024-03-05T13:41:54+00:00\",\"dateModified\":\"2024-03-05T13:41:54+00:00\",\"breadcrumb\":{\"@id\":\"https:\/\/selariarosario.com.br\/atacado\/produto\/arreio-rosario-bolso-e-paralamas-inox-sr\/#breadcrumb\"},\"inLanguage\":\"pt-BR\",\"potentialAction\":[{\"@type\":\"ReadAction\",\"target\":[\"https:\/\/selariarosario.com.br\/atacado\/produto\/arreio-rosario-bolso-e-paralamas-inox-sr\/\"]}]},{\"@type\":\"BreadcrumbList\",\"@id\":\"https:\/\/selariarosario.com.br\/atacado\/produto\/arreio-rosario-bolso-e-paralamas-inox-sr\/#breadcrumb\",\"itemListElement\":[{\"@type\":\"ListItem\",\"position\":1,\"name\":\"In\\u00edcio\",\"item\":\"https:\/\/selariarosario.com.br\/atacado\/\"},{\"@type\":\"ListItem\",\"position\":2,\"name\":\"Produtos\",\"item\":\"https:\/\/selariarosario.com.br\/atacado\/produtos\/\"},{\"@type\":\"ListItem\",\"position\":3,\"name\":\"Arreio Ros\\u00e1rio bolso e paralamas INOX SR\"}]}]}<\/script>\n<!-- \/ Yoast SEO plugin. -->","yoast_head_json":{"title":"Arreio Ros\u00e1rio bolso e paralamas INOX SR - Selaria Rosario","robots":{"index":"index","follow":"follow","max-snippet":"max-snippet:-1","max-image-preview":"max-image-preview:large","max-video-preview":"max-video-preview:-1"},"canonical":"https:\/\/selariarosario.com.br\/atacado\/produto\/arreio-rosario-bolso-e-paralamas-inox-sr\/","og_locale":"pt_BR","og_type":"article","og_title":"Arreio Ros\u00e1rio bolso e paralamas INOX SR - Selaria Rosario","og_description":"Parceiro de confian\u00e7a nas suas viagens Durante viagens longas ao lado da sua comitiva, o Arreio Ros\u00e1rio INOX ser\u00e1 o seu parceiro confi\u00e1vel e resistente. Por isso \u00e9\u00a0 para suportar condi\u00e7\u00f5es rigorosas, ele garantir\u00e1 o m\u00e1ximo de conforto tanto para voc\u00ea quanto para o seu animal durante toda a jornada. Seu couro tratado de alta [&hellip;]","og_url":"https:\/\/selariarosario.com.br\/atacado\/produto\/arreio-rosario-bolso-e-paralamas-inox-sr\/","og_site_name":"Selaria Rosario","og_image":[{"width":1200,"height":1200,"url":"https:\/\/selariarosario.com.br\/atacado\/wp-content\/uploads\/2024\/03\/SOCADO-ROSARIO-INOX-C-PARALAMAS-E-BOLSO-1.jpg","path":"\/home\/rosariosvamp19\/public_html\/atacado\/wp-content\/uploads\/2024\/03\/SOCADO-ROSARIO-INOX-C-PARALAMAS-E-BOLSO-1.jpg","size":"full","id":2416,"alt":"","pixels":1440000,"type":"image\/jpeg"}],"twitter_card":"summary_large_image","twitter_misc":{"Est. tempo de leitura":"1 minuto"},"schema":{"@context":"https:\/\/schema.org","@graph":[{"@type":"WebSite","@id":"https:\/\/selariarosario.com.br\/atacado\/#website","url":"https:\/\/selariarosario.com.br\/atacado\/","name":"Selaria Rosario","description":"","potentialAction":[{"@type":"SearchAction","target":{"@type":"EntryPoint","urlTemplate":"https:\/\/selariarosario.com.br\/atacado\/?s={search_term_string}"},"query-input":"required name=search_term_string"}],"inLanguage":"pt-BR"},{"@type":"ImageObject","@id":"https:\/\/selariarosario.com.br\/atacado\/produto\/arreio-rosario-bolso-e-paralamas-inox-sr\/#primaryimage","inLanguage":"pt-BR","url":"https:\/\/selariarosario.com.br\/atacado\/wp-content\/uploads\/2024\/03\/SOCADO-ROSARIO-INOX-C-PARALAMAS-E-BOLSO-1.jpg","contentUrl":"https:\/\/selariarosario.com.br\/atacado\/wp-content\/uploads\/2024\/03\/SOCADO-ROSARIO-INOX-C-PARALAMAS-E-BOLSO-1.jpg","width":1200,"height":1200},{"@type":"WebPage","@id":"https:\/\/selariarosario.com.br\/atacado\/produto\/arreio-rosario-bolso-e-paralamas-inox-sr\/#webpage","url":"https:\/\/selariarosario.com.br\/atacado\/produto\/arreio-rosario-bolso-e-paralamas-inox-sr\/","name":"Arreio Ros\u00e1rio bolso e paralamas INOX SR - Selaria Rosario","isPartOf":{"@id":"https:\/\/selariarosario.com.br\/atacado\/#website"},"primaryImageOfPage":{"@id":"https:\/\/selariarosario.com.br\/atacado\/produto\/arreio-rosario-bolso-e-paralamas-inox-sr\/#primaryimage"},"datePublished":"2024-03-05T13:41:54+00:00","dateModified":"2024-03-05T13:41:54+00:00","breadcrumb":{"@id":"https:\/\/selariarosario.com.br\/atacado\/produto\/arreio-rosario-bolso-e-paralamas-inox-sr\/#breadcrumb"},"inLanguage":"pt-BR","potentialAction":[{"@type":"ReadAction","target":["https:\/\/selariarosario.com.br\/atacado\/produto\/arreio-rosario-bolso-e-paralamas-inox-sr\/"]}]},{"@type":"BreadcrumbList","@id":"https:\/\/selariarosario.com.br\/atacado\/produto\/arreio-rosario-bolso-e-paralamas-inox-sr\/#breadcrumb","itemListElement":[{"@type":"ListItem","position":1,"name":"In\u00edcio","item":"https:\/\/selariarosario.com.br\/atacado\/"},{"@type":"ListItem","position":2,"name":"Produtos","item":"https:\/\/selariarosario.com.br\/atacado\/produtos\/"},{"@type":"ListItem","position":3,"name":"Arreio Ros\u00e1rio bolso e paralamas INOX SR"}]}]}},"_links":{"self":[{"href":"https:\/\/selariarosario.com.br\/atacado\/wp-json\/wp\/v2\/product\/2415"}],"collection":[{"href":"https:\/\/selariarosario.com.br\/atacado\/wp-json\/wp\/v2\/product"}],"about":[{"href":"https:\/\/selariarosario.com.br\/atacado\/wp-json\/wp\/v2\/types\/product"}],"wp:featuredmedia":[{"embeddable":true,"href":"https:\/\/selariarosario.com.br\/atacado\/wp-json\/wp\/v2\/media\/2416"}],"wp:attachment":[{"href":"https:\/\/selariarosario.com.br\/atacado\/wp-json\/wp\/v2\/media?parent=2415"}],"wp:term":[{"taxonomy":"product_cat","embeddable":true,"href":"https:\/\/selariarosario.com.br\/atacado\/wp-json\/wp\/v2\/product_cat?post=2415"},{"taxonomy":"product_tag","embeddable":true,"href":"https:\/\/selariarosario.com.br\/atacado\/wp-json\/wp\/v2\/product_tag?post=2415"}],"curies":[{"name":"wp","href":"https:\/\/api.w.org\/{rel}","templated":true}]}}