{"id":2453,"date":"2024-05-28T16:37:26","date_gmt":"2024-05-28T19:37:26","guid":{"rendered":"https:\/\/selariarosario.com.br\/atacado\/?post_type=product&#038;p=2453"},"modified":"2024-05-28T16:37:26","modified_gmt":"2024-05-28T19:37:26","slug":"sela-australiana-arco-infantil-sr","status":"publish","type":"product","link":"https:\/\/selariarosario.com.br\/atacado\/produto\/sela-australiana-arco-infantil-sr\/","title":{"rendered":"Sela Australiana arco infantil inox"},"content":{"rendered":"<p>Sela Australiana arco infantil\u00a0 \u00e9 um dos modelos mais usado\u00a0 tanto\u00a0 na lida quanto no campo.<\/p>\n<p>PODE SER USADA EM QUALQUER RA\u00c7A, pois possui regulagens em seu arreamento.<\/p>\n<p>Composi\u00e7\u00e3o da Sela Australiana arco infantil abaixo:<\/p>\n<p>&#8211; Arma\u00e7\u00e3o 12 polegadas\u00a0 em madeira enervada tratada e logo enervada em couro cru;<br \/>\n-Couro leg\u00edtimo, tratado e oleado. Pintado artesanalmente com tinta industrial, logo, encerado (N\u00c3O SOLTA TINTA);<br \/>\n&#8211; Ferragens em inox<br \/>\n&#8211; Assento com interior em espuma de alta densidade D60 revestido em couro vaqueta;<br \/>\n&#8211; Costuras artesanais e industriais;<br \/>\n&#8211; Suadores de feltro;<br \/>\n&#8211; Arreamento em couro de b\u00fafalo.<br \/>\n&#8211; Argolas dianteiras para fixa\u00e7\u00e3o de peitoral;<\/p>\n<p>Itens que acompanham sua Sela Australiana :<br \/>\n&#8211; 1 Par de Loro\u00a0 em couro leg\u00edtimo;<br \/>\n&#8211;\u00a0 Estribos de alum\u00ednio com couro leg\u00edtimo;<br \/>\n&#8211; 1 Par de Contral\u00e1tegos e\u00a0 tamb\u00e9m um par de l\u00e1tegos(apertadeiras) em couro leg\u00edtimo;<br \/>\n&#8211; Conjunto de barrigueira e cilha de fita com borracha, ferragens em alum\u00ednio polido<br \/>\n&#8211; Uma\u00a0 Cabe\u00e7ada em couro leg\u00edtimo com regulagem e tamb\u00e9m uma r\u00e9dea de Polipropileno<\/p>\n<p>Op\u00e7\u00f5es de cores conforme abaixo:<\/p>\n<p>preta ,natural, rosa, caf\u00e9, vinho, havana<\/p>\n<p>Peso aproximado: 8 kgs<br \/>\nFabricante: Selaria ILS<br \/>\nGarantia: 2 anos de fabrica\u00e7\u00e3o<\/p>\n","protected":false},"excerpt":{"rendered":"<p>&nbsp;<\/p>\n","protected":false},"featured_media":2458,"template":"","meta":[],"product_cat":[26,27,17],"product_tag":[],"yoast_head":"<!-- This site is optimized with the Yoast SEO plugin v16.7 - https:\/\/yoast.com\/wordpress\/plugins\/seo\/ -->\n<title>Sela Australiana arco infantil inox - Selaria Rosario<\/title>\n<meta name=\"description\" content=\"Sela Australiana arco infantil inox \u00e9 um dos modelos mais usado tanto na lida quanto em passeios e cavalgadas, pois \u00e9 um produto com garantia e durabilidade\" \/>\n<meta name=\"robots\" content=\"index, follow, max-snippet:-1, max-image-preview:large, max-video-preview:-1\" \/>\n<link rel=\"canonical\" href=\"https:\/\/selariarosario.com.br\/atacado\/produto\/sela-australiana-arco-infantil-sr\/\" \/>\n<meta property=\"og:locale\" content=\"pt_BR\" \/>\n<meta property=\"og:type\" content=\"article\" \/>\n<meta property=\"og:title\" content=\"Sela Australiana arco infantil inox - Selaria Rosario\" \/>\n<meta property=\"og:description\" content=\"Sela Australiana arco infantil inox \u00e9 um dos modelos mais usado tanto na lida quanto em passeios e cavalgadas, pois \u00e9 um produto com garantia e durabilidade\" \/>\n<meta property=\"og:url\" content=\"https:\/\/selariarosario.com.br\/atacado\/produto\/sela-australiana-arco-infantil-sr\/\" \/>\n<meta property=\"og:site_name\" content=\"Selaria Rosario\" \/>\n<meta property=\"og:image\" content=\"https:\/\/selariarosario.com.br\/atacado\/wp-content\/uploads\/2024\/05\/20240314_155751-removebg-preview.jpg\" \/>\n\t<meta property=\"og:image:width\" content=\"676\" \/>\n\t<meta property=\"og:image:height\" content=\"1200\" \/>\n<meta name=\"twitter:card\" content=\"summary_large_image\" \/>\n<meta name=\"twitter:label1\" content=\"Est. tempo de leitura\" \/>\n\t<meta name=\"twitter:data1\" content=\"1 minuto\" \/>\n<script type=\"application\/ld+json\" class=\"yoast-schema-graph\">{\"@context\":\"https:\/\/schema.org\",\"@graph\":[{\"@type\":\"WebSite\",\"@id\":\"https:\/\/selariarosario.com.br\/atacado\/#website\",\"url\":\"https:\/\/selariarosario.com.br\/atacado\/\",\"name\":\"Selaria Rosario\",\"description\":\"\",\"potentialAction\":[{\"@type\":\"SearchAction\",\"target\":{\"@type\":\"EntryPoint\",\"urlTemplate\":\"https:\/\/selariarosario.com.br\/atacado\/?s={search_term_string}\"},\"query-input\":\"required name=search_term_string\"}],\"inLanguage\":\"pt-BR\"},{\"@type\":\"ImageObject\",\"@id\":\"https:\/\/selariarosario.com.br\/atacado\/produto\/sela-australiana-arco-infantil-sr\/#primaryimage\",\"inLanguage\":\"pt-BR\",\"url\":\"https:\/\/selariarosario.com.br\/atacado\/wp-content\/uploads\/2024\/05\/20240314_155751-removebg-preview.jpg\",\"contentUrl\":\"https:\/\/selariarosario.com.br\/atacado\/wp-content\/uploads\/2024\/05\/20240314_155751-removebg-preview.jpg\",\"width\":676,\"height\":1200},{\"@type\":\"WebPage\",\"@id\":\"https:\/\/selariarosario.com.br\/atacado\/produto\/sela-australiana-arco-infantil-sr\/#webpage\",\"url\":\"https:\/\/selariarosario.com.br\/atacado\/produto\/sela-australiana-arco-infantil-sr\/\",\"name\":\"Sela Australiana arco infantil inox - Selaria Rosario\",\"isPartOf\":{\"@id\":\"https:\/\/selariarosario.com.br\/atacado\/#website\"},\"primaryImageOfPage\":{\"@id\":\"https:\/\/selariarosario.com.br\/atacado\/produto\/sela-australiana-arco-infantil-sr\/#primaryimage\"},\"datePublished\":\"2024-05-28T19:37:26+00:00\",\"dateModified\":\"2024-05-28T19:37:26+00:00\",\"description\":\"Sela Australiana arco infantil inox \\u00e9 um dos modelos mais usado tanto na lida quanto em passeios e cavalgadas, pois \\u00e9 um produto com garantia e durabilidade\",\"breadcrumb\":{\"@id\":\"https:\/\/selariarosario.com.br\/atacado\/produto\/sela-australiana-arco-infantil-sr\/#breadcrumb\"},\"inLanguage\":\"pt-BR\",\"potentialAction\":[{\"@type\":\"ReadAction\",\"target\":[\"https:\/\/selariarosario.com.br\/atacado\/produto\/sela-australiana-arco-infantil-sr\/\"]}]},{\"@type\":\"BreadcrumbList\",\"@id\":\"https:\/\/selariarosario.com.br\/atacado\/produto\/sela-australiana-arco-infantil-sr\/#breadcrumb\",\"itemListElement\":[{\"@type\":\"ListItem\",\"position\":1,\"name\":\"In\\u00edcio\",\"item\":\"https:\/\/selariarosario.com.br\/atacado\/\"},{\"@type\":\"ListItem\",\"position\":2,\"name\":\"Produtos\",\"item\":\"https:\/\/selariarosario.com.br\/atacado\/produtos\/\"},{\"@type\":\"ListItem\",\"position\":3,\"name\":\"Sela Australiana arco infantil inox\"}]}]}<\/script>\n<!-- \/ Yoast SEO plugin. -->","yoast_head_json":{"title":"Sela Australiana arco infantil inox - Selaria Rosario","description":"Sela Australiana arco infantil inox \u00e9 um dos modelos mais usado tanto na lida quanto em passeios e cavalgadas, pois \u00e9 um produto com garantia e durabilidade","robots":{"index":"index","follow":"follow","max-snippet":"max-snippet:-1","max-image-preview":"max-image-preview:large","max-video-preview":"max-video-preview:-1"},"canonical":"https:\/\/selariarosario.com.br\/atacado\/produto\/sela-australiana-arco-infantil-sr\/","og_locale":"pt_BR","og_type":"article","og_title":"Sela Australiana arco infantil inox - Selaria Rosario","og_description":"Sela Australiana arco infantil inox \u00e9 um dos modelos mais usado tanto na lida quanto em passeios e cavalgadas, pois \u00e9 um produto com garantia e durabilidade","og_url":"https:\/\/selariarosario.com.br\/atacado\/produto\/sela-australiana-arco-infantil-sr\/","og_site_name":"Selaria Rosario","og_image":[{"width":676,"height":1200,"url":"https:\/\/selariarosario.com.br\/atacado\/wp-content\/uploads\/2024\/05\/20240314_155751-removebg-preview.jpg","path":"\/home\/rosariosvamp19\/public_html\/atacado\/wp-content\/uploads\/2024\/05\/20240314_155751-removebg-preview.jpg","size":"full","id":2458,"alt":"","pixels":811200,"type":"image\/jpeg"}],"twitter_card":"summary_large_image","twitter_misc":{"Est. tempo de leitura":"1 minuto"},"schema":{"@context":"https:\/\/schema.org","@graph":[{"@type":"WebSite","@id":"https:\/\/selariarosario.com.br\/atacado\/#website","url":"https:\/\/selariarosario.com.br\/atacado\/","name":"Selaria Rosario","description":"","potentialAction":[{"@type":"SearchAction","target":{"@type":"EntryPoint","urlTemplate":"https:\/\/selariarosario.com.br\/atacado\/?s={search_term_string}"},"query-input":"required name=search_term_string"}],"inLanguage":"pt-BR"},{"@type":"ImageObject","@id":"https:\/\/selariarosario.com.br\/atacado\/produto\/sela-australiana-arco-infantil-sr\/#primaryimage","inLanguage":"pt-BR","url":"https:\/\/selariarosario.com.br\/atacado\/wp-content\/uploads\/2024\/05\/20240314_155751-removebg-preview.jpg","contentUrl":"https:\/\/selariarosario.com.br\/atacado\/wp-content\/uploads\/2024\/05\/20240314_155751-removebg-preview.jpg","width":676,"height":1200},{"@type":"WebPage","@id":"https:\/\/selariarosario.com.br\/atacado\/produto\/sela-australiana-arco-infantil-sr\/#webpage","url":"https:\/\/selariarosario.com.br\/atacado\/produto\/sela-australiana-arco-infantil-sr\/","name":"Sela Australiana arco infantil inox - Selaria Rosario","isPartOf":{"@id":"https:\/\/selariarosario.com.br\/atacado\/#website"},"primaryImageOfPage":{"@id":"https:\/\/selariarosario.com.br\/atacado\/produto\/sela-australiana-arco-infantil-sr\/#primaryimage"},"datePublished":"2024-05-28T19:37:26+00:00","dateModified":"2024-05-28T19:37:26+00:00","description":"Sela Australiana arco infantil inox \u00e9 um dos modelos mais usado tanto na lida quanto em passeios e cavalgadas, pois \u00e9 um produto com garantia e durabilidade","breadcrumb":{"@id":"https:\/\/selariarosario.com.br\/atacado\/produto\/sela-australiana-arco-infantil-sr\/#breadcrumb"},"inLanguage":"pt-BR","potentialAction":[{"@type":"ReadAction","target":["https:\/\/selariarosario.com.br\/atacado\/produto\/sela-australiana-arco-infantil-sr\/"]}]},{"@type":"BreadcrumbList","@id":"https:\/\/selariarosario.com.br\/atacado\/produto\/sela-australiana-arco-infantil-sr\/#breadcrumb","itemListElement":[{"@type":"ListItem","position":1,"name":"In\u00edcio","item":"https:\/\/selariarosario.com.br\/atacado\/"},{"@type":"ListItem","position":2,"name":"Produtos","item":"https:\/\/selariarosario.com.br\/atacado\/produtos\/"},{"@type":"ListItem","position":3,"name":"Sela Australiana arco infantil inox"}]}]}},"_links":{"self":[{"href":"https:\/\/selariarosario.com.br\/atacado\/wp-json\/wp\/v2\/product\/2453"}],"collection":[{"href":"https:\/\/selariarosario.com.br\/atacado\/wp-json\/wp\/v2\/product"}],"about":[{"href":"https:\/\/selariarosario.com.br\/atacado\/wp-json\/wp\/v2\/types\/product"}],"wp:featuredmedia":[{"embeddable":true,"href":"https:\/\/selariarosario.com.br\/atacado\/wp-json\/wp\/v2\/media\/2458"}],"wp:attachment":[{"href":"https:\/\/selariarosario.com.br\/atacado\/wp-json\/wp\/v2\/media?parent=2453"}],"wp:term":[{"taxonomy":"product_cat","embeddable":true,"href":"https:\/\/selariarosario.com.br\/atacado\/wp-json\/wp\/v2\/product_cat?post=2453"},{"taxonomy":"product_tag","embeddable":true,"href":"https:\/\/selariarosario.com.br\/atacado\/wp-json\/wp\/v2\/product_tag?post=2453"}],"curies":[{"name":"wp","href":"https:\/\/api.w.org\/{rel}","templated":true}]}}