{"id":2467,"date":"2024-10-09T15:53:10","date_gmt":"2024-10-09T18:53:10","guid":{"rendered":"https:\/\/selariarosario.com.br\/atacado\/?post_type=product&#038;p=2467"},"modified":"2024-10-09T16:15:44","modified_gmt":"2024-10-09T19:15:44","slug":"manta-de-neoprene-sr","status":"publish","type":"product","link":"https:\/\/selariarosario.com.br\/atacado\/produto\/manta-de-neoprene-sr\/","title":{"rendered":"MANTA DE NEOPRENE SR"},"content":{"rendered":"<p>Manta de Neoprene SR\u00a0 modelo quadrado confeccionada em neoprene, material de alt\u00edssima qualidade e resist\u00eancia que garante uma maior durabilidade.<br \/>\nTamanho da Manta Neoprene\u00a0 : 68 cm de comprimento x 81 cm de largura x 3 cm altura<\/p>\n<p>A manta em suas diferentes finalidades e mat\u00e9rias primas, serve como\u00a0<b>prote\u00e7\u00e3o, amortecimento, conforto e suporte para A sela<\/b>. Ainda tem outros benef\u00edcios, como absor\u00e7\u00e3o de impacto no dorso do animal, melhor desempenho. E al\u00e9m de demonstrar resultados ortop\u00e9dicos quando necess\u00e1rios, entre outros. Portanto o objetivo era oferecer mais conforto para o cavaleiro. Por\u00e9m\u00a0 com o passar do tempo e mudan\u00e7a de mat\u00e9rias-primas na fabrica\u00e7\u00e3o tornou-se um item aliado ao cavalo.<\/p>\n<p>Por isso\u00a0 a manta deixa o cavalo mais bonito ,\u00a0 al\u00e9m de ser um est\u00edmulo para o praticante realizar as atividades e\u00a0 \u00a0tamb\u00e9m proporcionar uma infinidade de possibilidades.<\/p>\n<p>Hoje em dia, a manta atua como um amortecedor e protetor do dorso do cavalo, que n\u00e3o deve ficar em contato direto com a sela. Por isso ela ajuda\u00a0 fazer com que a sela permane\u00e7a no lugar, proporcionando conforto e bem-estar para o animal, al\u00e9m de absorver o suor. Por isso o uso desse item \u00e9 fundamental para que seu cavalo tenha um bom desempenho, afinal, .Pois quando h\u00e1 qualquer tipo de inc\u00f4modo \u00e9 natural que eles se tornem irritadi\u00e7os e dispersos.<\/p>\n<p>MARCA: Selaria Ros\u00e1rio<\/p>\n<p>op\u00e7\u00f5es de cores: preto, marrom, azul, vermelha e amarela<\/p>\n<p>Tamanho: 68 cm de comprimento x 81 cm de largura x 3 cm altura<br \/>\nObs.: Os tamanhos s\u00e3o aproximados, podendo haver varia\u00e7\u00e3o<\/p>\n<p>&nbsp;<\/p>\n","protected":false},"excerpt":{"rendered":"<p>Manta de Neoprene SR\u00a0 modelo quadrado confeccionada em neoprene, material de alt\u00edssima qualidade e resist\u00eancia que garante uma maior durabilidade. Tamanho da Manta Neoprene\u00a0 : 68 cm de comprimento x 81 cm de largura x 3 cm altura A manta em suas diferentes finalidades e mat\u00e9rias primas, serve como\u00a0prote\u00e7\u00e3o, amortecimento, conforto e suporte para A [&hellip;]<\/p>\n","protected":false},"featured_media":2468,"template":"","meta":[],"product_cat":[35,38,36],"product_tag":[],"yoast_head":"<!-- This site is optimized with the Yoast SEO plugin v16.7 - https:\/\/yoast.com\/wordpress\/plugins\/seo\/ -->\n<title>Manta de Neoprene SR quadrada confeccionada em neoprene<\/title>\n<meta name=\"description\" content=\"Manta de Neoprene SR\u00a0 quadrada confeccionada em neoprene, material de alt\u00edssima qualidade e resist\u00eancia que garante uma maior durabilidade\" \/>\n<meta name=\"robots\" content=\"index, follow, max-snippet:-1, max-image-preview:large, max-video-preview:-1\" \/>\n<link rel=\"canonical\" href=\"https:\/\/selariarosario.com.br\/atacado\/produto\/manta-de-neoprene-sr\/\" \/>\n<meta property=\"og:locale\" content=\"pt_BR\" \/>\n<meta property=\"og:type\" content=\"article\" \/>\n<meta property=\"og:title\" content=\"Manta de Neoprene SR quadrada confeccionada em neoprene\" \/>\n<meta property=\"og:description\" content=\"Manta de Neoprene SR\u00a0 quadrada confeccionada em neoprene, material de alt\u00edssima qualidade e resist\u00eancia que garante uma maior durabilidade\" \/>\n<meta property=\"og:url\" content=\"https:\/\/selariarosario.com.br\/atacado\/produto\/manta-de-neoprene-sr\/\" \/>\n<meta property=\"og:site_name\" content=\"Selaria Rosario\" \/>\n<meta property=\"article:modified_time\" content=\"2024-10-09T19:15:44+00:00\" \/>\n<meta property=\"og:image\" content=\"https:\/\/selariarosario.com.br\/atacado\/wp-content\/uploads\/2024\/10\/MANTA-DE-NEOPRENE-8-Photoroom.jpg\" \/>\n\t<meta property=\"og:image:width\" content=\"720\" \/>\n\t<meta property=\"og:image:height\" content=\"1000\" \/>\n<meta name=\"twitter:card\" content=\"summary_large_image\" \/>\n<meta name=\"twitter:label1\" content=\"Est. tempo de leitura\" \/>\n\t<meta name=\"twitter:data1\" content=\"2 minutos\" \/>\n<script type=\"application\/ld+json\" class=\"yoast-schema-graph\">{\"@context\":\"https:\/\/schema.org\",\"@graph\":[{\"@type\":\"WebSite\",\"@id\":\"https:\/\/selariarosario.com.br\/atacado\/#website\",\"url\":\"https:\/\/selariarosario.com.br\/atacado\/\",\"name\":\"Selaria Rosario\",\"description\":\"\",\"potentialAction\":[{\"@type\":\"SearchAction\",\"target\":{\"@type\":\"EntryPoint\",\"urlTemplate\":\"https:\/\/selariarosario.com.br\/atacado\/?s={search_term_string}\"},\"query-input\":\"required name=search_term_string\"}],\"inLanguage\":\"pt-BR\"},{\"@type\":\"ImageObject\",\"@id\":\"https:\/\/selariarosario.com.br\/atacado\/produto\/manta-de-neoprene-sr\/#primaryimage\",\"inLanguage\":\"pt-BR\",\"url\":\"https:\/\/selariarosario.com.br\/atacado\/wp-content\/uploads\/2024\/10\/MANTA-DE-NEOPRENE-8-Photoroom.jpg\",\"contentUrl\":\"https:\/\/selariarosario.com.br\/atacado\/wp-content\/uploads\/2024\/10\/MANTA-DE-NEOPRENE-8-Photoroom.jpg\",\"width\":720,\"height\":1000,\"caption\":\"MANTA DE NEOPRENE sr\"},{\"@type\":\"WebPage\",\"@id\":\"https:\/\/selariarosario.com.br\/atacado\/produto\/manta-de-neoprene-sr\/#webpage\",\"url\":\"https:\/\/selariarosario.com.br\/atacado\/produto\/manta-de-neoprene-sr\/\",\"name\":\"Manta de Neoprene SR quadrada confeccionada em neoprene\",\"isPartOf\":{\"@id\":\"https:\/\/selariarosario.com.br\/atacado\/#website\"},\"primaryImageOfPage\":{\"@id\":\"https:\/\/selariarosario.com.br\/atacado\/produto\/manta-de-neoprene-sr\/#primaryimage\"},\"datePublished\":\"2024-10-09T18:53:10+00:00\",\"dateModified\":\"2024-10-09T19:15:44+00:00\",\"description\":\"Manta de Neoprene SR\\u00a0 quadrada confeccionada em neoprene, material de alt\\u00edssima qualidade e resist\\u00eancia que garante uma maior durabilidade\",\"breadcrumb\":{\"@id\":\"https:\/\/selariarosario.com.br\/atacado\/produto\/manta-de-neoprene-sr\/#breadcrumb\"},\"inLanguage\":\"pt-BR\",\"potentialAction\":[{\"@type\":\"ReadAction\",\"target\":[\"https:\/\/selariarosario.com.br\/atacado\/produto\/manta-de-neoprene-sr\/\"]}]},{\"@type\":\"BreadcrumbList\",\"@id\":\"https:\/\/selariarosario.com.br\/atacado\/produto\/manta-de-neoprene-sr\/#breadcrumb\",\"itemListElement\":[{\"@type\":\"ListItem\",\"position\":1,\"name\":\"In\\u00edcio\",\"item\":\"https:\/\/selariarosario.com.br\/atacado\/\"},{\"@type\":\"ListItem\",\"position\":2,\"name\":\"Produtos\",\"item\":\"https:\/\/selariarosario.com.br\/atacado\/produtos\/\"},{\"@type\":\"ListItem\",\"position\":3,\"name\":\"MANTA DE NEOPRENE SR\"}]}]}<\/script>\n<!-- \/ Yoast SEO plugin. -->","yoast_head_json":{"title":"Manta de Neoprene SR quadrada confeccionada em neoprene","description":"Manta de Neoprene SR\u00a0 quadrada confeccionada em neoprene, material de alt\u00edssima qualidade e resist\u00eancia que garante uma maior durabilidade","robots":{"index":"index","follow":"follow","max-snippet":"max-snippet:-1","max-image-preview":"max-image-preview:large","max-video-preview":"max-video-preview:-1"},"canonical":"https:\/\/selariarosario.com.br\/atacado\/produto\/manta-de-neoprene-sr\/","og_locale":"pt_BR","og_type":"article","og_title":"Manta de Neoprene SR quadrada confeccionada em neoprene","og_description":"Manta de Neoprene SR\u00a0 quadrada confeccionada em neoprene, material de alt\u00edssima qualidade e resist\u00eancia que garante uma maior durabilidade","og_url":"https:\/\/selariarosario.com.br\/atacado\/produto\/manta-de-neoprene-sr\/","og_site_name":"Selaria Rosario","article_modified_time":"2024-10-09T19:15:44+00:00","og_image":[{"width":720,"height":1000,"url":"https:\/\/selariarosario.com.br\/atacado\/wp-content\/uploads\/2024\/10\/MANTA-DE-NEOPRENE-8-Photoroom.jpg","path":"\/home\/rosariosvamp19\/public_html\/atacado\/wp-content\/uploads\/2024\/10\/MANTA-DE-NEOPRENE-8-Photoroom.jpg","size":"full","id":2468,"alt":"MANTA DE NEOPRENE sr","pixels":720000,"type":"image\/jpeg"}],"twitter_card":"summary_large_image","twitter_misc":{"Est. tempo de leitura":"2 minutos"},"schema":{"@context":"https:\/\/schema.org","@graph":[{"@type":"WebSite","@id":"https:\/\/selariarosario.com.br\/atacado\/#website","url":"https:\/\/selariarosario.com.br\/atacado\/","name":"Selaria Rosario","description":"","potentialAction":[{"@type":"SearchAction","target":{"@type":"EntryPoint","urlTemplate":"https:\/\/selariarosario.com.br\/atacado\/?s={search_term_string}"},"query-input":"required name=search_term_string"}],"inLanguage":"pt-BR"},{"@type":"ImageObject","@id":"https:\/\/selariarosario.com.br\/atacado\/produto\/manta-de-neoprene-sr\/#primaryimage","inLanguage":"pt-BR","url":"https:\/\/selariarosario.com.br\/atacado\/wp-content\/uploads\/2024\/10\/MANTA-DE-NEOPRENE-8-Photoroom.jpg","contentUrl":"https:\/\/selariarosario.com.br\/atacado\/wp-content\/uploads\/2024\/10\/MANTA-DE-NEOPRENE-8-Photoroom.jpg","width":720,"height":1000,"caption":"MANTA DE NEOPRENE sr"},{"@type":"WebPage","@id":"https:\/\/selariarosario.com.br\/atacado\/produto\/manta-de-neoprene-sr\/#webpage","url":"https:\/\/selariarosario.com.br\/atacado\/produto\/manta-de-neoprene-sr\/","name":"Manta de Neoprene SR quadrada confeccionada em neoprene","isPartOf":{"@id":"https:\/\/selariarosario.com.br\/atacado\/#website"},"primaryImageOfPage":{"@id":"https:\/\/selariarosario.com.br\/atacado\/produto\/manta-de-neoprene-sr\/#primaryimage"},"datePublished":"2024-10-09T18:53:10+00:00","dateModified":"2024-10-09T19:15:44+00:00","description":"Manta de Neoprene SR\u00a0 quadrada confeccionada em neoprene, material de alt\u00edssima qualidade e resist\u00eancia que garante uma maior durabilidade","breadcrumb":{"@id":"https:\/\/selariarosario.com.br\/atacado\/produto\/manta-de-neoprene-sr\/#breadcrumb"},"inLanguage":"pt-BR","potentialAction":[{"@type":"ReadAction","target":["https:\/\/selariarosario.com.br\/atacado\/produto\/manta-de-neoprene-sr\/"]}]},{"@type":"BreadcrumbList","@id":"https:\/\/selariarosario.com.br\/atacado\/produto\/manta-de-neoprene-sr\/#breadcrumb","itemListElement":[{"@type":"ListItem","position":1,"name":"In\u00edcio","item":"https:\/\/selariarosario.com.br\/atacado\/"},{"@type":"ListItem","position":2,"name":"Produtos","item":"https:\/\/selariarosario.com.br\/atacado\/produtos\/"},{"@type":"ListItem","position":3,"name":"MANTA DE NEOPRENE SR"}]}]}},"_links":{"self":[{"href":"https:\/\/selariarosario.com.br\/atacado\/wp-json\/wp\/v2\/product\/2467"}],"collection":[{"href":"https:\/\/selariarosario.com.br\/atacado\/wp-json\/wp\/v2\/product"}],"about":[{"href":"https:\/\/selariarosario.com.br\/atacado\/wp-json\/wp\/v2\/types\/product"}],"wp:featuredmedia":[{"embeddable":true,"href":"https:\/\/selariarosario.com.br\/atacado\/wp-json\/wp\/v2\/media\/2468"}],"wp:attachment":[{"href":"https:\/\/selariarosario.com.br\/atacado\/wp-json\/wp\/v2\/media?parent=2467"}],"wp:term":[{"taxonomy":"product_cat","embeddable":true,"href":"https:\/\/selariarosario.com.br\/atacado\/wp-json\/wp\/v2\/product_cat?post=2467"},{"taxonomy":"product_tag","embeddable":true,"href":"https:\/\/selariarosario.com.br\/atacado\/wp-json\/wp\/v2\/product_tag?post=2467"}],"curies":[{"name":"wp","href":"https:\/\/api.w.org\/{rel}","templated":true}]}}